{"id":1144,"date":"2019-05-03T16:18:40","date_gmt":"2019-05-03T16:18:40","guid":{"rendered":"http:\/\/sterifarma.com.br\/wsite\/?page_id=1144"},"modified":"2022-09-20T18:34:10","modified_gmt":"2022-09-20T18:34:10","slug":"r9c","status":"publish","type":"page","link":"http:\/\/sterifarma.com.br\/wsite\/r9c\/","title":{"rendered":"R9C"},"content":{"rendered":"<div class=\"vce-row-container\" data-vce-boxed-width=\"true\"><div class=\"vce-row vce-row--col-gap-30 vce-row-equal-height vce-row-content--top\" id=\"el-d1c86332\" data-vce-do-apply=\"all el-d1c86332\"><div class=\"vce-row-content\" data-vce-element-content=\"true\"><div class=\"vce-col vce-col--md-auto vce-col--xs-1 vce-col--xs-last vce-col--xs-first vce-col--sm-last vce-col--sm-first vce-col--md-last vce-col--lg-last vce-col--xl-last vce-col--md-first vce-col--lg-first vce-col--xl-first\" id=\"el-c686ea27\"><div class=\"vce-col-inner\" data-vce-do-apply=\"border margin background  el-c686ea27\"><div class=\"vce-col-content\" data-vce-element-content=\"true\" data-vce-do-apply=\"padding el-c686ea27\"><div class=\"vce-text-block\"><div class=\"vce-text-block-wrapper vce\" id=\"el-d1d9eebb\" data-vce-do-apply=\"all el-d1d9eebb\"><p><div class=\"vc_row wpb_row vc_row-fluid  \" ><div class=\"container\"><div class=\"row\">\n\t<div class=\"vc_col-sm-12 wpb_column vc_column_container\">\n\t\t<div class=\"wpb_wrapper\">\n\t\t\t<div class=\"vc_separator wpb_content_element vc_el_width_100 vc_sep_color_grey\">\n\t<span class=\"vc_sep_holder vc_sep_holder_l\"><span class=\"vc_sep_line\"><\/span><\/span>\n\t\t<span class=\"vc_sep_holder vc_sep_holder_r\"><span class=\"vc_sep_line\"><\/span><\/span>\n<\/div>\n\n\n\t\t<\/div> \n\t<\/div> \n<\/div><\/div><\/div><div class=\"vc_row wpb_row vc_row-fluid full-width-content    vc_custom_1559677267605\" ><div class=\"container-fluid\"><div class=\"row\">\n\t<div class=\"vc_col-sm-12 wpb_column vc_column_container\">\n\t\t<div class=\"wpb_wrapper\">\n\t\t\t\n\t<div class=\"wpb_single_image wpb_content_element wpb_animate_when_almost_visible wpb_right-to-left vc_align_center\">\n\t\t<div class=\"wpb_wrapper\">\n\t\t\t\n\t\t\t<img width=\"1600\" height=\"404\" src=\"http:\/\/sterifarma.com.br\/wsite\/wp-content\/uploads\/2019\/05\/Banner-R9C-sterifarma-NOV19.jpg\" class=\" vc_box_border_grey attachment-full\" alt=\"\" loading=\"lazy\" srcset=\"http:\/\/sterifarma.com.br\/wsite\/wp-content\/uploads\/2019\/05\/Banner-R9C-sterifarma-NOV19.jpg 1600w, http:\/\/sterifarma.com.br\/wsite\/wp-content\/uploads\/2019\/05\/Banner-R9C-sterifarma-NOV19-300x76.jpg 300w, http:\/\/sterifarma.com.br\/wsite\/wp-content\/uploads\/2019\/05\/Banner-R9C-sterifarma-NOV19-768x194.jpg 768w, http:\/\/sterifarma.com.br\/wsite\/wp-content\/uploads\/2019\/05\/Banner-R9C-sterifarma-NOV19-1024x259.jpg 1024w, http:\/\/sterifarma.com.br\/wsite\/wp-content\/uploads\/2019\/05\/Banner-R9C-sterifarma-NOV19-198x50.jpg 198w\" sizes=\"(max-width: 1600px) 100vw, 1600px\" \/>\n\t\t<\/div> \n\t<\/div> \n\t\t<\/div> \n\t<\/div> \n<\/div><\/div><\/div><div class=\"vc_row wpb_row vc_row-fluid  \" ><div class=\"container\"><div class=\"row\">\n\t<div class=\"vc_col-sm-6 wpb_column vc_column_container\">\n\t\t<div class=\"wpb_wrapper\">\n\t\t\t<div class=\"vc_empty_space\"  style=\"height: 32px\" ><span class=\"vc_empty_space_inner\"><\/span><\/div>\n\n\n\t<div class=\"wpb_text_column wpb_content_element \">\n\t\t<div class=\"wpb_wrapper\">\n\t\t\t<h2 class=\"alternative\">Sobre a R9C Distribution <\/h2>\n<p>Fundada com a miss\u00e3o de trazer ao Mercado um portf\u00f3lio inovador no tratamento da dor e na recupera\u00e7\u00e3o de les\u00f5es musculoesquel\u00e9ticas, a R9C tem como principais produtos Tanyx, Physicool e Genacol. R9C \u00e9 RENOVE-SE. Mais do que um nome, \u00e9 um objetivo que perseguimos diariamente.<\/p>\n<p>A <strong>R9C Sterifarma <\/strong>\u00e9 um novo grupo na \u00e1rea da sa\u00fade, que j\u00e1 nasce com ra\u00edzes bem fundadas. Ela \u00e9 o resultado da uni\u00e3o da Sterifarma coma R9C Sa\u00fade.<\/p>\n\n\t\t<\/div> \n\t<\/div> <div class=\"vc_empty_space\"  style=\"height: 32px\" ><span class=\"vc_empty_space_inner\"><\/span><\/div>\n\n\n\t\t<\/div> \n\t<\/div> \n\n\t<div class=\"vc_col-sm-6 wpb_column vc_column_container\">\n\t\t<div class=\"wpb_wrapper\">\n\t\t\t<div class=\"vc_empty_space\"  style=\"height: 32px\" ><span class=\"vc_empty_space_inner\"><\/span><\/div>\n\n\n\t<div class=\"wpb_text_column wpb_content_element \">\n\t\t<div class=\"wpb_wrapper\">\n\t\t\t<h2 class=\"alternative\">Equipe de Vendas<\/h2>\n<p>A nova equipe de vendas alcan\u00e7ar\u00e1, al\u00e9m do mercado hospitalar, cl\u00ednicas de fisioterapia, estabelecimentos voltados ao esporte e farm\u00e1cias, mantendo sempre o padr\u00e3o da qualidade e atendimento que caracterizou a Sterifarma durante os \u00faltimos 25 anos. Al\u00e9m disso, foram lan\u00e7ados exclusivos canais de e-commerce, para atender os clientes que preferem a comodidade de comprar e receber o seu produto sem sair de casa. Os 3 primeiros produtos a ganhar o seu site de vendas s\u00e3o Tanyx (<a href=\"http:\/\/www.tanyx.com.br\" target=\"_blank\" rel=\"noopener\">www.tanyx.com.br<\/a>), Physicool e Genacol (<a href=\"http:\/\/www.genacol.com.br\" target=\"_blank\" rel=\"noopener\">www.genacol.com.br<\/a>).<\/p>\n\n\t\t<\/div> \n\t<\/div> <div class=\"vc_empty_space\"  style=\"height: 32px\" ><span class=\"vc_empty_space_inner\"><\/span><\/div>\n\n\n\t\t<\/div> \n\t<\/div> \n<\/div><\/div><\/div><div class=\"vc_row wpb_row vc_row-fluid vertically-align-columns  vc_custom_1557924604838\" ><div class=\"container\"><div class=\"row\">\n\t<div class=\"vc_col-sm-12 wpb_column vc_column_container\">\n\t\t<div class=\"wpb_wrapper\">\n\t\t\t<div\r\n  class=\"beopen-portfolio wpb_row wpb_teaser_grid wpb_content_element wpb_grid columns_count_3 columns_count_3 wpb_teaser_grid_portfolio_item  portfolio\">\r\n\t<div class=\"wpb_wrapper\">\r\n\t\t\t\t<div class=\"teaser_grid_container\">\r\n\t\t\t\t\t\t<ul class=\"wpb_thumbnails wpb_thumbnails-fluid vc_clearfix\"\r\n\t\t\t\tdata-layout-mode=\"fitRows\">\r\n\t\t\t\t\t\t\t\t\t\t\t\t\t\t\t\t\t\t\t\t\t\t<li\r\n\t\t\t\t\t  class=\"isotope-item vc_col-sm-4 col-sm-2 grid-cat-137\">\r\n\t\t\t\t\t\t<div class=\"isotope-inner\">\r\n\t\t\t\t\t\t\t\t\t\t\t\t\t\t<a href=\"http:\/\/sterifarma.com.br\/wsite\/project\/agulha-de-sutura-tipo-pb-cilindrica-curva-1-2\/\">\r\n\t\t<figure class=\"beopen\">\r\n\t\t\t<figcaption>\r\n\t\t\t\t<h3>AGULHA DE SUTURA TIPO PB \u2013 CILINDRICA CURVA 1\/2<\/h3>\r\n\t\t\t\t<span class=\"portfolio-tags\">Agulhas de Sutura<\/span>\r\n\t\t\t<\/figcaption>\r\n\t\t\t<div class=\"bg\"><\/div>\r\n\t\t\t<img width=\"640\" height=\"415\" src=\"http:\/\/sterifarma.com.br\/wsite\/wp-content\/uploads\/2022\/10\/Captura-de-Tela-2022-10-27-a\u0300s-15.43.50-640x415.png\" class=\"attachment-portfolio-grid size-portfolio-grid wp-post-image\" alt=\"\" loading=\"lazy\" \/>\t\t\t\r\n\t\t<\/figure>\t\t\t\t\r\n\t<\/a> \r\n\r\n\t\t\t\t\t\t\t\t\t\t\t\t<\/div>\r\n\t\t\t\t\t<\/li> \t\t\t\t\t\t\t\t\t\t\t\t\t\t\t<li\r\n\t\t\t\t\t  class=\"isotope-item vc_col-sm-4 col-sm-2 grid-cat-137\">\r\n\t\t\t\t\t\t<div class=\"isotope-inner\">\r\n\t\t\t\t\t\t\t\t\t\t\t\t\t\t<a href=\"http:\/\/sterifarma.com.br\/wsite\/project\/agulha-de-sutura-tipo-gr-cilindrica-curva-1-2\/\">\r\n\t\t<figure class=\"beopen\">\r\n\t\t\t<figcaption>\r\n\t\t\t\t<h3>AGULHA DE SUTURA TIPO GR \u2013 CILINDRICA CURVA 1\/2<\/h3>\r\n\t\t\t\t<span class=\"portfolio-tags\">Agulhas de Sutura<\/span>\r\n\t\t\t<\/figcaption>\r\n\t\t\t<div class=\"bg\"><\/div>\r\n\t\t\t<img width=\"632\" height=\"420\" src=\"http:\/\/sterifarma.com.br\/wsite\/wp-content\/uploads\/2022\/10\/Captura-de-Tela-2022-10-27-a\u0300s-15.43.29-632x420.png\" class=\"attachment-portfolio-grid size-portfolio-grid wp-post-image\" alt=\"\" loading=\"lazy\" srcset=\"http:\/\/sterifarma.com.br\/wsite\/wp-content\/uploads\/2022\/10\/Captura-de-Tela-2022-10-27-a\u0300s-15.43.29-632x420.png 632w, http:\/\/sterifarma.com.br\/wsite\/wp-content\/uploads\/2022\/10\/Captura-de-Tela-2022-10-27-a\u0300s-15.43.29-600x400.png 600w\" sizes=\"(max-width: 632px) 100vw, 632px\" \/>\t\t\t\r\n\t\t<\/figure>\t\t\t\t\r\n\t<\/a> \r\n\r\n\t\t\t\t\t\t\t\t\t\t\t\t<\/div>\r\n\t\t\t\t\t<\/li> \t\t\t\t\t\t\t\t\t\t\t\t\t\t\t<li\r\n\t\t\t\t\t  class=\"isotope-item vc_col-sm-4 col-sm-2 grid-cat-137\">\r\n\t\t\t\t\t\t<div class=\"isotope-inner\">\r\n\t\t\t\t\t\t\t\t\t\t\t\t\t\t<a href=\"http:\/\/sterifarma.com.br\/wsite\/project\/agulha-de-sutura-tipo-g-triangular-curva-1-2\/\">\r\n\t\t<figure class=\"beopen\">\r\n\t\t\t<figcaption>\r\n\t\t\t\t<h3>AGULHA DE SUTURA TIPO G \u2013 TRIANGULAR CURVA 1\/2<\/h3>\r\n\t\t\t\t<span class=\"portfolio-tags\">Agulhas de Sutura<\/span>\r\n\t\t\t<\/figcaption>\r\n\t\t\t<div class=\"bg\"><\/div>\r\n\t\t\t<img width=\"640\" height=\"420\" src=\"http:\/\/sterifarma.com.br\/wsite\/wp-content\/uploads\/2022\/10\/Captura-de-Tela-2022-10-27-a\u0300s-15.43.05-640x420.png\" class=\"attachment-portfolio-grid size-portfolio-grid wp-post-image\" alt=\"\" loading=\"lazy\" \/>\t\t\t\r\n\t\t<\/figure>\t\t\t\t\r\n\t<\/a> \r\n\r\n\t\t\t\t\t\t\t\t\t\t\t\t<\/div>\r\n\t\t\t\t\t<\/li> \t\t\t\t\t\t\t\t\t\t\t\t\t\t\t<li\r\n\t\t\t\t\t  class=\"isotope-item vc_col-sm-4 col-sm-2 grid-cat-137\">\r\n\t\t\t\t\t\t<div class=\"isotope-inner\">\r\n\t\t\t\t\t\t\t\t\t\t\t\t\t\t<a href=\"http:\/\/sterifarma.com.br\/wsite\/project\/agulha-de-sutura-tipo-b-triangular-curva-3-8\/\">\r\n\t\t<figure class=\"beopen\">\r\n\t\t\t<figcaption>\r\n\t\t\t\t<h3>AGULHA DE SUTURA TIPO B \u2013 TRIANGULAR CURVA 3\/8<\/h3>\r\n\t\t\t\t<span class=\"portfolio-tags\">Agulhas de Sutura<\/span>\r\n\t\t\t<\/figcaption>\r\n\t\t\t<div class=\"bg\"><\/div>\r\n\t\t\t<img width=\"640\" height=\"420\" src=\"http:\/\/sterifarma.com.br\/wsite\/wp-content\/uploads\/2022\/10\/Captura-de-Tela-2022-10-27-a\u0300s-15.42.46-640x420.png\" class=\"attachment-portfolio-grid size-portfolio-grid wp-post-image\" alt=\"\" loading=\"lazy\" srcset=\"http:\/\/sterifarma.com.br\/wsite\/wp-content\/uploads\/2022\/10\/Captura-de-Tela-2022-10-27-a\u0300s-15.42.46-640x420.png 640w, http:\/\/sterifarma.com.br\/wsite\/wp-content\/uploads\/2022\/10\/Captura-de-Tela-2022-10-27-a\u0300s-15.42.46-75x50.png 75w\" sizes=\"(max-width: 640px) 100vw, 640px\" \/>\t\t\t\r\n\t\t<\/figure>\t\t\t\t\r\n\t<\/a> \r\n\r\n\t\t\t\t\t\t\t\t\t\t\t\t<\/div>\r\n\t\t\t\t\t<\/li> \t\t\t\t\t\t\t\t\t\t\t\t\t\t\t<li\r\n\t\t\t\t\t  class=\"isotope-item vc_col-sm-4 col-sm-2 grid-cat-134\">\r\n\t\t\t\t\t\t<div class=\"isotope-inner\">\r\n\t\t\t\t\t\t\t\t\t\t\t\t\t\t<a href=\"http:\/\/sterifarma.com.br\/wsite\/project\/campo-impermeavel-e-absorvente-60x60cm\/\">\r\n\t\t<figure class=\"beopen\">\r\n\t\t\t<figcaption>\r\n\t\t\t\t<h3>Campo Imperme\u00e1vel e Absorvente 60x60cm<\/h3>\r\n\t\t\t\t<span class=\"portfolio-tags\">Variedade<\/span>\r\n\t\t\t<\/figcaption>\r\n\t\t\t<div class=\"bg\"><\/div>\r\n\t\t\t<img width=\"600\" height=\"420\" src=\"http:\/\/sterifarma.com.br\/wsite\/wp-content\/uploads\/2022\/09\/campo-impermeavel-600x420.jpg\" class=\"attachment-portfolio-grid size-portfolio-grid wp-post-image\" alt=\"\" loading=\"lazy\" \/>\t\t\t\r\n\t\t<\/figure>\t\t\t\t\r\n\t<\/a> \r\n\r\n\t\t\t\t\t\t\t\t\t\t\t\t<\/div>\r\n\t\t\t\t\t<\/li> \t\t\t\t\t\t\t\t\t\t\t\t\t\t\t<li\r\n\t\t\t\t\t  class=\"isotope-item vc_col-sm-4 col-sm-2 grid-cat-134\">\r\n\t\t\t\t\t\t<div class=\"isotope-inner\">\r\n\t\t\t\t\t\t\t\t\t\t\t\t\t\t<a href=\"http:\/\/sterifarma.com.br\/wsite\/project\/atadura-de-rayon-7cm-x-5m\/\">\r\n\t\t<figure class=\"beopen\">\r\n\t\t\t<figcaption>\r\n\t\t\t\t<h3>Atadura de Rayon 7cm x 5m<\/h3>\r\n\t\t\t\t<span class=\"portfolio-tags\">Variedade<\/span>\r\n\t\t\t<\/figcaption>\r\n\t\t\t<div class=\"bg\"><\/div>\r\n\t\t\t<img width=\"600\" height=\"420\" src=\"http:\/\/sterifarma.com.br\/wsite\/wp-content\/uploads\/2022\/09\/atadura-rayon-600x420.jpg\" class=\"attachment-portfolio-grid size-portfolio-grid wp-post-image\" alt=\"\" loading=\"lazy\" \/>\t\t\t\r\n\t\t<\/figure>\t\t\t\t\r\n\t<\/a> \r\n\r\n\t\t\t\t\t\t\t\t\t\t\t\t<\/div>\r\n\t\t\t\t\t<\/li> \t\t\t\t\t\t\t\t\t\t\t\t\t\t\t<li\r\n\t\t\t\t\t  class=\"isotope-item vc_col-sm-4 col-sm-2 grid-cat-134\">\r\n\t\t\t\t\t\t<div class=\"isotope-inner\">\r\n\t\t\t\t\t\t\t\t\t\t\t\t\t\t<a href=\"http:\/\/sterifarma.com.br\/wsite\/project\/cadarco-fenestrado\/\">\r\n\t\t<figure class=\"beopen\">\r\n\t\t\t<figcaption>\r\n\t\t\t\t<h3>Cadar\u00e7o Fenestrado<\/h3>\r\n\t\t\t\t<span class=\"portfolio-tags\">Variedade<\/span>\r\n\t\t\t<\/figcaption>\r\n\t\t\t<div class=\"bg\"><\/div>\r\n\t\t\t<img width=\"600\" height=\"420\" src=\"http:\/\/sterifarma.com.br\/wsite\/wp-content\/uploads\/2022\/09\/cadarco-fenestrado-600x420.jpg\" class=\"attachment-portfolio-grid size-portfolio-grid wp-post-image\" alt=\"\" loading=\"lazy\" \/>\t\t\t\r\n\t\t<\/figure>\t\t\t\t\r\n\t<\/a> \r\n\r\n\t\t\t\t\t\t\t\t\t\t\t\t<\/div>\r\n\t\t\t\t\t<\/li> \t\t\t\t\t\t\t\t\t\t\t\t\t\t\t<li\r\n\t\t\t\t\t  class=\"isotope-item vc_col-sm-4 col-sm-2 grid-cat-134\">\r\n\t\t\t\t\t\t<div class=\"isotope-inner\">\r\n\t\t\t\t\t\t\t\t\t\t\t\t\t\t<a href=\"http:\/\/sterifarma.com.br\/wsite\/project\/tampao-ocular-monoculo-oclusor\/\">\r\n\t\t<figure class=\"beopen\">\r\n\t\t\t<figcaption>\r\n\t\t\t\t<h3>Tamp\u00e3o Ocular (Mon\u00f3culo Oclusor)<\/h3>\r\n\t\t\t\t<span class=\"portfolio-tags\">Variedade<\/span>\r\n\t\t\t<\/figcaption>\r\n\t\t\t<div class=\"bg\"><\/div>\r\n\t\t\t<img width=\"600\" height=\"420\" src=\"http:\/\/sterifarma.com.br\/wsite\/wp-content\/uploads\/2022\/09\/tampao-ocular-600x420.jpg\" class=\"attachment-portfolio-grid size-portfolio-grid wp-post-image\" alt=\"\" loading=\"lazy\" \/>\t\t\t\r\n\t\t<\/figure>\t\t\t\t\r\n\t<\/a> \r\n\r\n\t\t\t\t\t\t\t\t\t\t\t\t<\/div>\r\n\t\t\t\t\t<\/li> \t\t\t\t\t\t\t\t\t\t\t\t\t\t\t<li\r\n\t\t\t\t\t  class=\"isotope-item vc_col-sm-4 col-sm-2 grid-cat-134\">\r\n\t\t\t\t\t\t<div class=\"isotope-inner\">\r\n\t\t\t\t\t\t\t\t\t\t\t\t\t\t<a href=\"http:\/\/sterifarma.com.br\/wsite\/project\/limpador-para-bisturi-cauterio-lixa\/\">\r\n\t\t<figure class=\"beopen\">\r\n\t\t\t<figcaption>\r\n\t\t\t\t<h3>Limpador para Bisturi Caut\u00e9rio \u2013 Lixa<\/h3>\r\n\t\t\t\t<span class=\"portfolio-tags\">Variedade<\/span>\r\n\t\t\t<\/figcaption>\r\n\t\t\t<div class=\"bg\"><\/div>\r\n\t\t\t<img width=\"600\" height=\"420\" src=\"http:\/\/sterifarma.com.br\/wsite\/wp-content\/uploads\/2022\/09\/limpador-bisturi-600x420.jpg\" class=\"attachment-portfolio-grid size-portfolio-grid wp-post-image\" alt=\"\" loading=\"lazy\" \/>\t\t\t\r\n\t\t<\/figure>\t\t\t\t\r\n\t<\/a> \r\n\r\n\t\t\t\t\t\t\t\t\t\t\t\t<\/div>\r\n\t\t\t\t\t<\/li> \t\t\t\t\t\t\t\t\t\t\t\t\t\t\t<li\r\n\t\t\t\t\t  class=\"isotope-item vc_col-sm-4 col-sm-2 grid-cat-134\">\r\n\t\t\t\t\t\t<div class=\"isotope-inner\">\r\n\t\t\t\t\t\t\t\t\t\t\t\t\t\t<a href=\"http:\/\/sterifarma.com.br\/wsite\/project\/cordone\/\">\r\n\t\t<figure class=\"beopen\">\r\n\t\t\t<figcaption>\r\n\t\t\t\t<h3>Cordone<\/h3>\r\n\t\t\t\t<span class=\"portfolio-tags\">Variedade<\/span>\r\n\t\t\t<\/figcaption>\r\n\t\t\t<div class=\"bg\"><\/div>\r\n\t\t\t<img width=\"600\" height=\"420\" src=\"http:\/\/sterifarma.com.br\/wsite\/wp-content\/uploads\/2022\/09\/cordone-600x420.jpg\" class=\"attachment-portfolio-grid size-portfolio-grid wp-post-image\" alt=\"\" loading=\"lazy\" \/>\t\t\t\r\n\t\t<\/figure>\t\t\t\t\r\n\t<\/a> \r\n\r\n\t\t\t\t\t\t\t\t\t\t\t\t<\/div>\r\n\t\t\t\t\t<\/li> \t\t\t\t\t\t\t\t\t\t\t\t<\/ul>\r\n\t\t<\/div>\r\n\t<\/div> \t<div class=\"clear\"><\/div>\r\n<\/div> \n\t\t<\/div> \n\t<\/div> \n<\/div><\/div><\/div><div class=\"vc_row wpb_row vc_row-fluid vertically-align-columns  vc_custom_1559681347425\" ><div class=\"container\"><div class=\"row\">\n\t<div class=\"vc_col-sm-12 wpb_column vc_column_container\">\n\t\t<div class=\"wpb_wrapper\">\n\t\t\t<div class=\"vc_empty_space\"  style=\"height: 32px\" ><span class=\"vc_empty_space_inner\"><\/span><\/div>\n\n\n\t\t<\/div> \n\t<\/div> \n<\/div><\/div><\/div><div class=\"vc_row wpb_row vc_row-fluid   vc_custom_1557922717444\" style=\"color:#ffffff;\" ><div class=\"container\"><div class=\"row\">\n\t<div class=\"vc_col-sm-12 wpb_column vc_column_container\">\n\t\t<div class=\"wpb_wrapper\">\n\t\t\t\n\t<div class=\"wpb_text_column wpb_content_element \">\n\t\t<div class=\"wpb_wrapper\">\n\t\t\t<p class=\"p1\"><strong>R9C Distribution<\/strong><br \/><span class=\"s1\">atendimento@r9csterifarma.com.br<br \/><\/span><span class=\"s1\">Telefone: 0800 878 3149<br \/><\/span><span class=\"s1\">Avenida 09 de Julho, 3229, CJ 111\/112 -&nbsp;<\/span><span class=\"s1\">S\u00e3o Paulo - SP<\/span><\/p>\n\n\t\t<\/div> \n\t<\/div> \n\t\t<\/div> \n\t<\/div> \n<\/div><\/div><\/div><\/p><\/div><\/div><\/div><\/div><\/div><\/div><\/div><\/div>","protected":false},"excerpt":{"rendered":"NOME DO PRODUTO: CORDONE 000 USO: UTILIZAR COMO FIXADOR DE MATERIAIS REGISTRO ANVISA: DISPENSADO FABRICANTE: STERIFARMA PRODUTOS CIR\u00daRGICOS LTDA C\u00d3DIGO DO PRODUTO: FT-942 FT-804 FT-037 IMAGEM DO PRODUTO: INFORMA\u00c7\u00d5ES ADICIONAIS:...","protected":false},"author":1,"featured_media":0,"parent":0,"menu_order":0,"comment_status":"closed","ping_status":"closed","template":"template-minimal-page.php","meta":[],"yoast_head":"<!-- This site is optimized with the Yoast SEO plugin v19.3 - https:\/\/yoast.com\/wordpress\/plugins\/seo\/ -->\n<title>R9C - Sterifarma-material-esterilizado<\/title>\n<meta name=\"robots\" content=\"index, follow, max-snippet:-1, max-image-preview:large, max-video-preview:-1\" \/>\n<link rel=\"canonical\" href=\"http:\/\/sterifarma.com.br\/wsite\/r9c\/\" \/>\n<meta property=\"og:locale\" content=\"pt_BR\" \/>\n<meta property=\"og:type\" content=\"article\" \/>\n<meta property=\"og:title\" content=\"[:pb]R9C[:] - Sterifarma-material-esterilizado\" \/>\n<meta property=\"og:url\" content=\"http:\/\/sterifarma.com.br\/wsite\/r9c\/\" \/>\n<meta property=\"og:site_name\" content=\"Sterifarma-material-esterilizado\" \/>\n<meta property=\"article:modified_time\" content=\"2022-09-20T18:34:10+00:00\" \/>\n<meta name=\"twitter:card\" content=\"summary\" \/>\n<meta name=\"twitter:label1\" content=\"Est. tempo de leitura\" \/>\n\t<meta name=\"twitter:data1\" content=\"2 minutos\" \/>\n<script type=\"application\/ld+json\" class=\"yoast-schema-graph\">{\"@context\":\"https:\/\/schema.org\",\"@graph\":[{\"@type\":\"Organization\",\"@id\":\"https:\/\/sterifarma.com.br\/wsite\/#organization\",\"name\":\"Sterifarma\",\"url\":\"https:\/\/sterifarma.com.br\/wsite\/\",\"sameAs\":[],\"logo\":{\"@type\":\"ImageObject\",\"inLanguage\":\"pt-BR\",\"@id\":\"https:\/\/sterifarma.com.br\/wsite\/#\/schema\/logo\/image\/\",\"url\":\"http:\/\/sterifarma.com.br\/wsite\/wp-content\/uploads\/2015\/12\/SteriLogo_JPEG_mais_Assinatura.png\",\"contentUrl\":\"http:\/\/sterifarma.com.br\/wsite\/wp-content\/uploads\/2015\/12\/SteriLogo_JPEG_mais_Assinatura.png\",\"width\":300,\"height\":210,\"caption\":\"Sterifarma\"},\"image\":{\"@id\":\"https:\/\/sterifarma.com.br\/wsite\/#\/schema\/logo\/image\/\"}},{\"@type\":\"WebSite\",\"@id\":\"https:\/\/sterifarma.com.br\/wsite\/#website\",\"url\":\"https:\/\/sterifarma.com.br\/wsite\/\",\"name\":\"Sterifarma-material-esterilizado\",\"description\":\"Material-Esterilizado\",\"publisher\":{\"@id\":\"https:\/\/sterifarma.com.br\/wsite\/#organization\"},\"potentialAction\":[{\"@type\":\"SearchAction\",\"target\":{\"@type\":\"EntryPoint\",\"urlTemplate\":\"https:\/\/sterifarma.com.br\/wsite\/?s={search_term_string}\"},\"query-input\":\"required name=search_term_string\"}],\"inLanguage\":\"pt-BR\"},{\"@type\":\"WebPage\",\"@id\":\"http:\/\/sterifarma.com.br\/wsite\/r9c\/\",\"url\":\"http:\/\/sterifarma.com.br\/wsite\/r9c\/\",\"name\":\"[:pb]R9C[:] - Sterifarma-material-esterilizado\",\"isPartOf\":{\"@id\":\"https:\/\/sterifarma.com.br\/wsite\/#website\"},\"datePublished\":\"2019-05-03T16:18:40+00:00\",\"dateModified\":\"2022-09-20T18:34:10+00:00\",\"breadcrumb\":{\"@id\":\"http:\/\/sterifarma.com.br\/wsite\/r9c\/#breadcrumb\"},\"inLanguage\":\"pt-BR\",\"potentialAction\":[{\"@type\":\"ReadAction\",\"target\":[\"http:\/\/sterifarma.com.br\/wsite\/r9c\/\"]}]},{\"@type\":\"BreadcrumbList\",\"@id\":\"http:\/\/sterifarma.com.br\/wsite\/r9c\/#breadcrumb\",\"itemListElement\":[{\"@type\":\"ListItem\",\"position\":1,\"name\":\"In\u00edcio\",\"item\":\"https:\/\/sterifarma.com.br\/wsite\/\"},{\"@type\":\"ListItem\",\"position\":2,\"name\":\"R9C\"}]}]}<\/script>\n<!-- \/ Yoast SEO plugin. -->","yoast_head_json":{"title":"[:pb]R9C[:] - Sterifarma-material-esterilizado","robots":{"index":"index","follow":"follow","max-snippet":"max-snippet:-1","max-image-preview":"max-image-preview:large","max-video-preview":"max-video-preview:-1"},"canonical":"http:\/\/sterifarma.com.br\/wsite\/r9c\/","og_locale":"pt_BR","og_type":"article","og_title":"[:pb]R9C[:] - Sterifarma-material-esterilizado","og_url":"http:\/\/sterifarma.com.br\/wsite\/r9c\/","og_site_name":"Sterifarma-material-esterilizado","article_modified_time":"2022-09-20T18:34:10+00:00","twitter_card":"summary","twitter_misc":{"Est. tempo de leitura":"2 minutos"},"schema":{"@context":"https:\/\/schema.org","@graph":[{"@type":"Organization","@id":"https:\/\/sterifarma.com.br\/wsite\/#organization","name":"Sterifarma","url":"https:\/\/sterifarma.com.br\/wsite\/","sameAs":[],"logo":{"@type":"ImageObject","inLanguage":"pt-BR","@id":"https:\/\/sterifarma.com.br\/wsite\/#\/schema\/logo\/image\/","url":"http:\/\/sterifarma.com.br\/wsite\/wp-content\/uploads\/2015\/12\/SteriLogo_JPEG_mais_Assinatura.png","contentUrl":"http:\/\/sterifarma.com.br\/wsite\/wp-content\/uploads\/2015\/12\/SteriLogo_JPEG_mais_Assinatura.png","width":300,"height":210,"caption":"Sterifarma"},"image":{"@id":"https:\/\/sterifarma.com.br\/wsite\/#\/schema\/logo\/image\/"}},{"@type":"WebSite","@id":"https:\/\/sterifarma.com.br\/wsite\/#website","url":"https:\/\/sterifarma.com.br\/wsite\/","name":"Sterifarma-material-esterilizado","description":"Material-Esterilizado","publisher":{"@id":"https:\/\/sterifarma.com.br\/wsite\/#organization"},"potentialAction":[{"@type":"SearchAction","target":{"@type":"EntryPoint","urlTemplate":"https:\/\/sterifarma.com.br\/wsite\/?s={search_term_string}"},"query-input":"required name=search_term_string"}],"inLanguage":"pt-BR"},{"@type":"WebPage","@id":"http:\/\/sterifarma.com.br\/wsite\/r9c\/","url":"http:\/\/sterifarma.com.br\/wsite\/r9c\/","name":"[:pb]R9C[:] - Sterifarma-material-esterilizado","isPartOf":{"@id":"https:\/\/sterifarma.com.br\/wsite\/#website"},"datePublished":"2019-05-03T16:18:40+00:00","dateModified":"2022-09-20T18:34:10+00:00","breadcrumb":{"@id":"http:\/\/sterifarma.com.br\/wsite\/r9c\/#breadcrumb"},"inLanguage":"pt-BR","potentialAction":[{"@type":"ReadAction","target":["http:\/\/sterifarma.com.br\/wsite\/r9c\/"]}]},{"@type":"BreadcrumbList","@id":"http:\/\/sterifarma.com.br\/wsite\/r9c\/#breadcrumb","itemListElement":[{"@type":"ListItem","position":1,"name":"In\u00edcio","item":"https:\/\/sterifarma.com.br\/wsite\/"},{"@type":"ListItem","position":2,"name":"R9C"}]}]}},"_links":{"self":[{"href":"http:\/\/sterifarma.com.br\/wsite\/wp-json\/wp\/v2\/pages\/1144"}],"collection":[{"href":"http:\/\/sterifarma.com.br\/wsite\/wp-json\/wp\/v2\/pages"}],"about":[{"href":"http:\/\/sterifarma.com.br\/wsite\/wp-json\/wp\/v2\/types\/page"}],"author":[{"embeddable":true,"href":"http:\/\/sterifarma.com.br\/wsite\/wp-json\/wp\/v2\/users\/1"}],"replies":[{"embeddable":true,"href":"http:\/\/sterifarma.com.br\/wsite\/wp-json\/wp\/v2\/comments?post=1144"}],"version-history":[{"count":47,"href":"http:\/\/sterifarma.com.br\/wsite\/wp-json\/wp\/v2\/pages\/1144\/revisions"}],"predecessor-version":[{"id":5088,"href":"http:\/\/sterifarma.com.br\/wsite\/wp-json\/wp\/v2\/pages\/1144\/revisions\/5088"}],"wp:attachment":[{"href":"http:\/\/sterifarma.com.br\/wsite\/wp-json\/wp\/v2\/media?parent=1144"}],"curies":[{"name":"wp","href":"https:\/\/api.w.org\/{rel}","templated":true}]}}