{"id":16,"date":"2015-12-17T18:52:10","date_gmt":"2015-12-17T18:52:10","guid":{"rendered":"http:\/\/sterifbr.acessotemp.net\/wsite\/?page_id=16"},"modified":"2022-09-23T19:46:57","modified_gmt":"2022-09-23T19:46:57","slug":"home","status":"publish","type":"page","link":"http:\/\/sterifarma.com.br\/wsite\/","title":{"rendered":"Home"},"content":{"rendered":"<p><\/p>\n\n<div class=\"vce-row-container\" data-vce-boxed-width=\"true\">\n<div id=\"el-ea75e8e3\" class=\"vce-row vce-row--col-gap-30 vce-row-equal-height vce-row-content--top\" data-vce-do-apply=\"all el-ea75e8e3\">\n<div class=\"vce-row-content\" data-vce-element-content=\"true\">\n\n\n<div id=\"el-d23d81c0\" class=\"vce-col vce-col--md-auto vce-col--xs-1 vce-col--xs-last vce-col--xs-first vce-col--sm-last vce-col--sm-first vce-col--md-last vce-col--lg-last vce-col--xl-last vce-col--md-first vce-col--lg-first vce-col--xl-first\">\n<div class=\"vce-col-inner\" data-vce-do-apply=\"border margin background el-d23d81c0\">\n<div class=\"vce-col-content\" data-vce-element-content=\"true\" data-vce-do-apply=\"padding el-d23d81c0\">\n\n\n<div class=\"vce-text-block\">\n<div id=\"el-92f98e80\" class=\"vce-text-block-wrapper vce\" data-vce-do-apply=\"all el-92f98e80\">\n\n<div class=\"vc_row wpb_row vc_row-fluid   vc_custom_1450868130843\" style=\"color:#0177bf;\" ><div class=\"container\"><div class=\"row\"><header id=\"header\" class=\"header-zone\">\r\n\t<div id=\"header-fixed\">\r\n\t\t\r\n\t\t\t\t\t\r\n\t\t<div id=\"beopen-quick-search-container\" class=\"container\">\r\n\t\t\t<div class=\"row\">\r\n\t\t\t\t<div class=\"col-md-12\">\r\n\t\t\t\t\t<form role=\"search\" method=\"get\" id=\"searchform\" action=\"http:\/\/sterifarma.com.br\/wsite\/\">\r\n\t\t\t\t\t\t<input id=\"beopen-quick-search-box\" name=\"s\" type=\"text\" placeholder=\"Type here to search...\" \/>\r\n\t\t\t\t\t<\/form>\r\n\t\t\t\t<\/div>\r\n\t\t\t<\/div>\r\n\t\t<\/div>\r\n\t\t\r\n\t\t\r\n\t\t                      \r\n\r\n\t\t<!-- Row for blog navigation -->\r\n\t\t<div class=\"beopen-limited-width container\">\r\n            <div class=\"row\">\r\n\t\t\t\t<div class=\"col-sm-12\">\r\n\t\t\t\t\t<div id=\"header-title\" role=\"banner\">\r\n\t\t\t\t\t\t<a href=\"#beopen-responsive\" id=\"responsive-trigger\" class=\"beopen-icon-menu\"><\/a>\t\t\t\t\t\r\n\r\n\t\t\t\t\t\t<div id=\"inner-header\">\r\n\r\n\t\t\t\t\t\t\t<div id=\"header-logo-stuff\">\r\n\t\t\t\t\t\t\t\t<div id=\"logo\">\r\n\t\t\t\t\t\t\t\t\t<a href=\"http:\/\/sterifarma.com.br\/wsite\" rel=\"nofollow\"><img src=\"http:\/\/sterifarma.com.br\/wsite\/wp-content\/uploads\/2015\/12\/SteriLogo_PNG_mais_Assinatura.png\" data-src2x=\"http:\/\/sterifarma.com.br\/wsite\/wp-content\/uploads\/2015\/12\/SteriLogo_PNG_mais_Assinatura.png\" alt=\"Sterifarma-material-esterilizado\"><\/a>\r\n\t\t\t\t\t\t\t\t<\/div>\r\n\r\n\t\t\t\t\t\t\t\t\t\t\t\t\t\t\t<\/div>\r\n\t\t\t\t\t\t\t<div style=\"clear:both;\"><\/div>\r\n\t\t\t\t\t\t<\/div>\r\n\t\t\t\t\t<\/div>\r\n\r\n\t\t\t\t\t<div id=\"beopen-quick-search\"><\/div>\r\n\t\t\t\t\t<nav id=\"standard\" role=\"navigation\" data-goto=\"Go to...\"><ul class=\"sf-menu\" id=\"beopen-nav-bar\"><li id=\"menu-item-318\" class=\"menu-item menu-item-type-post_type menu-item-object-page menu-item-home menu-item-318\"><a href=\"http:\/\/sterifarma.com.br\/wsite\/\">Home<span><\/span><\/a><\/li>\n<li id=\"menu-item-573\" class=\"menu-item menu-item-type-post_type menu-item-object-page menu-item-573\"><a href=\"http:\/\/sterifarma.com.br\/wsite\/sobre-a-sterifarma\/\">A Sterifarma<span><\/span><\/a><\/li>\n<li id=\"menu-item-201\" class=\"menu-item menu-item-type-post_type menu-item-object-page menu-item-201\"><a href=\"http:\/\/sterifarma.com.br\/wsite\/como-funciona\/\">Como Funciona<span><\/span><\/a><\/li>\n<li id=\"menu-item-202\" class=\"menu-item menu-item-type-post_type menu-item-object-page menu-item-202\"><a href=\"http:\/\/sterifarma.com.br\/wsite\/produtos\/\">Produtos<span><\/span><\/a><\/li>\n<li id=\"menu-item-204\" class=\"menu-item menu-item-type-post_type menu-item-object-page menu-item-204\"><a href=\"http:\/\/sterifarma.com.br\/wsite\/contato\/\">Contato<span><\/span><\/a><\/li>\n<\/ul><\/nav>\r\n\r\n\t\t\t\t<\/div>\r\n\t\t\t<\/div>\r\n\t\t<\/div>\r\n\r\n\t<\/div>\r\n\r\n<\/header>\n\t<div class=\"vc_col-sm-12 wpb_column vc_column_container\">\n\t\t<div class=\"wpb_wrapper\">\n\t\t\t\n\t\t<\/div> \n\t<\/div> \n<\/div><\/div><\/div><div class=\"vc_row wpb_row vc_row-fluid   vc_custom_1450696786298\" ><div class=\"container\"><div class=\"row\">\n\t<div class=\"vc_col-sm-12 wpb_column vc_column_container\">\n\t\t<div class=\"wpb_wrapper\">\n\t\t\t\n\t<div class=\"wpb_single_image wpb_content_element vc_align_center\">\n\t\t<div class=\"wpb_wrapper\">\n\t\t\t\n\t\t\t<a href=\"mailto:atendimento@sterifarma.com.br\" target=\"_blank\"><img width=\"1619\" height=\"463\" src=\"http:\/\/sterifarma.com.br\/wsite\/wp-content\/uploads\/2015\/12\/Surgery1200-1620x463_b.gif\" class=\" vc_box_border_grey attachment-full\" alt=\"\" loading=\"lazy\" \/><\/a>\n\t\t<\/div> \n\t<\/div> \n\t\t<\/div> \n\t<\/div> \n<\/div><\/div><\/div><div class=\"vc_row wpb_row vc_row-fluid   vc_custom_1450697504117\" ><div class=\"container\"><div class=\"row\">\n\t<div class=\"vc_col-sm-12 wpb_column vc_column_container\">\n\t\t<div class=\"wpb_wrapper\">\n\t\t\t<div class=\"vc_empty_space\"  style=\"height: 32px\" ><span class=\"vc_empty_space_inner\"><\/span><\/div>\n\n\n\t\t<\/div> \n\t<\/div> \n<\/div><\/div><\/div><div class=\"vc_row wpb_row vc_row-fluid  \" ><div class=\"container\"><div class=\"row\">\n\t<div class=\"vc_col-sm-12 wpb_column vc_column_container\">\n\t\t<div class=\"wpb_wrapper\">\n\t\t\t\n\t<div class=\"wpb_single_image wpb_content_element wpb_animate_when_almost_visible wpb_appear vc_align_center\">\n\t\t<div class=\"wpb_wrapper\">\n\t\t\t\n\t\t\t<a href=\"http:\/\/sterifarma.com.br\/wsite\/como-funciona\/\" target=\"_self\"><img width=\"967\" height=\"206\" src=\"http:\/\/sterifarma.com.br\/wsite\/wp-content\/uploads\/2015\/12\/beneficios.png\" class=\" vc_box_border_grey attachment-full\" alt=\"\" loading=\"lazy\" srcset=\"http:\/\/sterifarma.com.br\/wsite\/wp-content\/uploads\/2015\/12\/beneficios.png 967w, http:\/\/sterifarma.com.br\/wsite\/wp-content\/uploads\/2015\/12\/beneficios-300x64.png 300w, http:\/\/sterifarma.com.br\/wsite\/wp-content\/uploads\/2015\/12\/beneficios-768x164.png 768w, http:\/\/sterifarma.com.br\/wsite\/wp-content\/uploads\/2015\/12\/beneficios-235x50.png 235w\" sizes=\"(max-width: 967px) 100vw, 967px\" \/><\/a>\n\t\t<\/div> \n\t<\/div> \n\t\t<\/div> \n\t<\/div> \n<\/div><\/div><\/div><div class=\"vc_row wpb_row vc_row-fluid   vc_custom_1450871938899\" style=\"color:#0177bf;\" ><div class=\"container\"><div class=\"row\">\n\t<div class=\"vc_col-sm-4 wpb_column vc_column_container vc_custom_1450872286709\">\n\t\t<div class=\"wpb_wrapper\">\n\t\t\t<div class=\"vc_separator wpb_content_element vc_el_width_100 vc_sep_color_grey\">\n\t<span class=\"vc_sep_holder vc_sep_holder_l\"><span class=\"vc_sep_line\"><\/span><\/span>\n\t\t<span class=\"vc_sep_holder vc_sep_holder_r\"><span class=\"vc_sep_line\"><\/span><\/span>\n<\/div>\n\n\n\t\t<\/div> \n\t<\/div> \n\n\t<div class=\"vc_col-sm-4 wpb_column vc_column_container\">\n\t\t<div class=\"wpb_wrapper\">\n\t\t\t\n\t<div class=\"wpb_text_column wpb_content_element \">\n\t\t<div class=\"wpb_wrapper\">\n\t\t\t<p style=\"font-size: 23px;\" align=\"center\"><strong>Produtos em Destaque<\/strong><\/p>\n\n\t\t<\/div> \n\t<\/div> \n\t\t<\/div> \n\t<\/div> \n\n\t<div class=\"vc_col-sm-4 wpb_column vc_column_container vc_custom_1450872297141\">\n\t\t<div class=\"wpb_wrapper\">\n\t\t\t<div class=\"vc_separator wpb_content_element vc_el_width_100 vc_sep_color_grey\">\n\t<span class=\"vc_sep_holder vc_sep_holder_l\"><span class=\"vc_sep_line\"><\/span><\/span>\n\t\t<span class=\"vc_sep_holder vc_sep_holder_r\"><span class=\"vc_sep_line\"><\/span><\/span>\n<\/div>\n\n\n\t\t<\/div> \n\t<\/div> \n<\/div><\/div><\/div>\n\n<\/div>\n<\/div>\n\n\n<\/div>\n<\/div>\n<\/div>\n\n\n<\/div>\n<\/div>\n<\/div>\n\n<div class=\"vce-row-container\" data-vce-boxed-width=\"true\">\n<div id=\"el-63af8f1d\" class=\"vce-row vce-row--col-gap-30 vce-row-equal-height vce-row-content--top\" data-vce-do-apply=\"all el-63af8f1d\">\n<div class=\"vce-row-content\" data-vce-element-content=\"true\">\n\n\n<div id=\"el-6124550c\" class=\"vce-col vce-col--md-auto vce-col--xs-1 vce-col--xs-last vce-col--xs-first vce-col--sm-last vce-col--sm-first vce-col--md-last vce-col--lg-last vce-col--xl-last vce-col--md-first vce-col--lg-first vce-col--xl-first\">\n<div class=\"vce-col-inner\" data-vce-do-apply=\"border margin background el-6124550c\">\n<div class=\"vce-col-content\" data-vce-element-content=\"true\" data-vce-do-apply=\"padding el-6124550c\">\n\n\n<div class=\"vce-image-gallery vce-image-gallery--gap-38 vce-image-gallery--columns-3 vce-image-gallery--border-rounded\">\n<div id=\"el-42ce07db\" class=\"vce-image-gallery-wrapper vce\" data-vce-do-apply=\"all el-42ce07db\">\n<div class=\"vce-image-gallery-list\">\n<div class=\"vce-image-gallery-item\">\n<figure class=\"vce-image-gallery-item-inner-wrapper\"><a class=\"vce-image-gallery-item-inner\" title=\"Caixa Imanada Grande com Contador de agulhas\" href=\"http:\/\/sterifarma.com.br\/wsite\/project\/caixa-imantada-grande-com-contador\/\" target=\"_blank\" rel=\"noopener\"><img class=\"vce-image-gallery-img\" title=\"caixa-imantada\" src=\"http:\/\/sterifarma.com.br\/wsite\/wp-content\/uploads\/2022\/09\/caixa-imantada.jpg\" alt=\"\" \/><\/a><\/figure>\n<\/div>\n<div class=\"vce-image-gallery-item\">\n<figure class=\"vce-image-gallery-item-inner-wrapper\"><a class=\"vce-image-gallery-item-inner\" title=\"Kit Sondagem Vesical\" href=\"http:\/\/sterifarma.com.br\/wsite\/project\/kit-sondagem-vesical-padrao\/\" target=\"_blank\" rel=\"noopener\"><img class=\"vce-image-gallery-img\" title=\"kit-sondagem-vesical\" src=\"http:\/\/sterifarma.com.br\/wsite\/wp-content\/uploads\/2022\/09\/kit-sondagem-vesical.jpg\" alt=\"\" \/><\/a><\/figure>\n<\/div>\n<div class=\"vce-image-gallery-item\">\n<figure class=\"vce-image-gallery-item-inner-wrapper\"><a class=\"vce-image-gallery-item-inner\" title=\"Faixa Smarch\" href=\"http:\/\/sterifarma.com.br\/wsite\/project\/faixa-de-smarch-15cm-x-2m\/\" target=\"_blank\" rel=\"noopener\"><img class=\"vce-image-gallery-img\" title=\"faixa_smarch\" src=\"http:\/\/sterifarma.com.br\/wsite\/wp-content\/uploads\/2022\/09\/faixa_smarch.jpg\" alt=\"\" \/><\/a><\/figure>\n<\/div>\n<\/div>\n<\/div>\n<\/div>\n\n\n<\/div>\n<\/div>\n<\/div>\n\n\n<\/div>\n<\/div>\n<\/div>\n<!--vcv no format-->\n<div><div class=\"vc_row wpb_row vc_row-fluid  \" ><div class=\"container\"><div class=\"row\"><\/div><\/div><\/div><div class=\"vc_row wpb_row vc_row-fluid  \" ><div class=\"container\"><div class=\"row\">\n\t<div class=\"vc_col-sm-12 wpb_column vc_column_container\">\n\t\t<div class=\"wpb_wrapper\">\n\t\t\t<div class=\"vc_empty_space\"  style=\"height: 32px\" ><span class=\"vc_empty_space_inner\"><\/span><\/div>\n\n\n\t\t<\/div> \n\t<\/div> \n<\/div><\/div><\/div><div class=\"vc_row wpb_row vc_row-fluid   vc_custom_1450871060700\" style=\"color:#ffffff;\" ><div class=\"container\"><div class=\"row\">\n\t<div class=\"vc_col-sm-8 wpb_column vc_column_container\">\n\t\t<div class=\"wpb_wrapper\">\n\t\t\t\n\t<div class=\"wpb_text_column wpb_content_element  vc_custom_1595445349313\">\n\t\t<div class=\"wpb_wrapper\">\n\t\t\t<p><strong>Sterifarma Produtos Cir\u00fargicos Ltda.<\/strong><br \/>\nAv. Carmela Dutra, 180 - Galp\u00e3o 3 - Ala A - Guarulhos \/SP - CEP 07170-150 - Tel.: (11) 2421-2551. Vendas (11) 9 5074-9040 (Whatsapp)<\/p>\n\n\t\t<\/div> \n\t<\/div> \n\t\t<\/div> \n\t<\/div> \n\n\t<div class=\"vc_col-sm-4 wpb_column vc_column_container vc_custom_1453991311477\" style=\"color:#ffffff;\">\n\t\t<div class=\"wpb_wrapper\">\n\t\t\t<a class=\"wpb_button_a\" title=\"Curta nosso Facebook\" href=\"https:\/\/www.facebook.com\/Sterifarma-500908350091794\/\" target=\"_blank\"><span class=\"wpb_button  wpb_btn-primary wpb_btn-small wpb_balloon_facebook\">Curta nosso Facebook <i class=\"icon\"> <\/i><\/span><\/a>\n\n\t\t<\/div> \n\t<\/div> \n<\/div><\/div><\/div><\/div>\n<\/p>","protected":false},"excerpt":{"rendered":"A busca pela seguran\u00e7a do paciente tem levado especialistas a optar por alternativas est\u00e9reis para os materiais envolvidos na cirurgia. Nesse sentido, o torniquete est\u00e9ril e descart\u00e1vel HemaClear vem se...","protected":false},"author":1,"featured_media":0,"parent":0,"menu_order":0,"comment_status":"closed","ping_status":"closed","template":"template-minimal-page.php","meta":[],"yoast_head":"<!-- This site is optimized with the Yoast SEO plugin v19.3 - https:\/\/yoast.com\/wordpress\/plugins\/seo\/ -->\n<title>materiais-esterilizados<\/title>\n<meta name=\"robots\" content=\"index, follow, max-snippet:-1, max-image-preview:large, max-video-preview:-1\" \/>\n<link rel=\"canonical\" href=\"http:\/\/sterifarma.com.br\/wsite\/\" \/>\n<meta property=\"og:locale\" content=\"pt_BR\" \/>\n<meta property=\"og:type\" content=\"article\" \/>\n<meta property=\"og:title\" content=\"materiais-esterilizados\" \/>\n<meta property=\"og:url\" content=\"http:\/\/sterifarma.com.br\/wsite\/\" \/>\n<meta property=\"og:site_name\" content=\"Sterifarma-material-esterilizado\" \/>\n<meta property=\"article:modified_time\" content=\"2022-09-23T19:46:57+00:00\" \/>\n<meta property=\"og:image\" content=\"http:\/\/sterifarma.com.br\/wsite\/wp-content\/uploads\/2022\/09\/caixa-imantada.jpg\" \/>\n<meta name=\"twitter:card\" content=\"summary\" \/>\n<meta name=\"twitter:label1\" content=\"Est. tempo de leitura\" \/>\n\t<meta name=\"twitter:data1\" content=\"3 minutos\" \/>\n<script type=\"application\/ld+json\" class=\"yoast-schema-graph\">{\"@context\":\"https:\/\/schema.org\",\"@graph\":[{\"@type\":\"Organization\",\"@id\":\"http:\/\/sterifarma.com.br\/wsite\/#organization\",\"name\":\"Sterifarma\",\"url\":\"http:\/\/sterifarma.com.br\/wsite\/\",\"sameAs\":[],\"logo\":{\"@type\":\"ImageObject\",\"inLanguage\":\"pt-BR\",\"@id\":\"http:\/\/sterifarma.com.br\/wsite\/#\/schema\/logo\/image\/\",\"url\":\"http:\/\/sterifarma.com.br\/wsite\/wp-content\/uploads\/2015\/12\/SteriLogo_JPEG_mais_Assinatura.png\",\"contentUrl\":\"http:\/\/sterifarma.com.br\/wsite\/wp-content\/uploads\/2015\/12\/SteriLogo_JPEG_mais_Assinatura.png\",\"width\":300,\"height\":210,\"caption\":\"Sterifarma\"},\"image\":{\"@id\":\"http:\/\/sterifarma.com.br\/wsite\/#\/schema\/logo\/image\/\"}},{\"@type\":\"WebSite\",\"@id\":\"http:\/\/sterifarma.com.br\/wsite\/#website\",\"url\":\"http:\/\/sterifarma.com.br\/wsite\/\",\"name\":\"Sterifarma-material-esterilizado\",\"description\":\"Material-Esterilizado\",\"publisher\":{\"@id\":\"http:\/\/sterifarma.com.br\/wsite\/#organization\"},\"potentialAction\":[{\"@type\":\"SearchAction\",\"target\":{\"@type\":\"EntryPoint\",\"urlTemplate\":\"http:\/\/sterifarma.com.br\/wsite\/?s={search_term_string}\"},\"query-input\":\"required name=search_term_string\"}],\"inLanguage\":\"pt-BR\"},{\"@type\":\"ImageObject\",\"inLanguage\":\"pt-BR\",\"@id\":\"http:\/\/sterifarma.com.br\/wsite\/#primaryimage\",\"url\":\"http:\/\/sterifarma.com.br\/wsite\/wp-content\/uploads\/2022\/09\/caixa-imantada.jpg\",\"contentUrl\":\"http:\/\/sterifarma.com.br\/wsite\/wp-content\/uploads\/2022\/09\/caixa-imantada.jpg\",\"width\":600,\"height\":600},{\"@type\":\"WebPage\",\"@id\":\"http:\/\/sterifarma.com.br\/wsite\/\",\"url\":\"http:\/\/sterifarma.com.br\/wsite\/\",\"name\":\"materiais-esterilizados\",\"isPartOf\":{\"@id\":\"http:\/\/sterifarma.com.br\/wsite\/#website\"},\"primaryImageOfPage\":{\"@id\":\"http:\/\/sterifarma.com.br\/wsite\/#primaryimage\"},\"datePublished\":\"2015-12-17T18:52:10+00:00\",\"dateModified\":\"2022-09-23T19:46:57+00:00\",\"breadcrumb\":{\"@id\":\"http:\/\/sterifarma.com.br\/wsite\/#breadcrumb\"},\"inLanguage\":\"pt-BR\",\"potentialAction\":[{\"@type\":\"ReadAction\",\"target\":[\"http:\/\/sterifarma.com.br\/wsite\/\"]}]},{\"@type\":\"BreadcrumbList\",\"@id\":\"http:\/\/sterifarma.com.br\/wsite\/#breadcrumb\",\"itemListElement\":[{\"@type\":\"ListItem\",\"position\":1,\"name\":\"In\u00edcio\",\"item\":\"http:\/\/sterifarma.com.br\/wsite\/\"},{\"@type\":\"ListItem\",\"position\":2,\"name\":\"Home\"}]}]}<\/script>\n<!-- \/ Yoast SEO plugin. -->","yoast_head_json":{"title":"materiais-esterilizados","robots":{"index":"index","follow":"follow","max-snippet":"max-snippet:-1","max-image-preview":"max-image-preview:large","max-video-preview":"max-video-preview:-1"},"canonical":"http:\/\/sterifarma.com.br\/wsite\/","og_locale":"pt_BR","og_type":"article","og_title":"materiais-esterilizados","og_url":"http:\/\/sterifarma.com.br\/wsite\/","og_site_name":"Sterifarma-material-esterilizado","article_modified_time":"2022-09-23T19:46:57+00:00","og_image":[{"url":"http:\/\/sterifarma.com.br\/wsite\/wp-content\/uploads\/2022\/09\/caixa-imantada.jpg"}],"twitter_card":"summary","twitter_misc":{"Est. tempo de leitura":"3 minutos"},"schema":{"@context":"https:\/\/schema.org","@graph":[{"@type":"Organization","@id":"http:\/\/sterifarma.com.br\/wsite\/#organization","name":"Sterifarma","url":"http:\/\/sterifarma.com.br\/wsite\/","sameAs":[],"logo":{"@type":"ImageObject","inLanguage":"pt-BR","@id":"http:\/\/sterifarma.com.br\/wsite\/#\/schema\/logo\/image\/","url":"http:\/\/sterifarma.com.br\/wsite\/wp-content\/uploads\/2015\/12\/SteriLogo_JPEG_mais_Assinatura.png","contentUrl":"http:\/\/sterifarma.com.br\/wsite\/wp-content\/uploads\/2015\/12\/SteriLogo_JPEG_mais_Assinatura.png","width":300,"height":210,"caption":"Sterifarma"},"image":{"@id":"http:\/\/sterifarma.com.br\/wsite\/#\/schema\/logo\/image\/"}},{"@type":"WebSite","@id":"http:\/\/sterifarma.com.br\/wsite\/#website","url":"http:\/\/sterifarma.com.br\/wsite\/","name":"Sterifarma-material-esterilizado","description":"Material-Esterilizado","publisher":{"@id":"http:\/\/sterifarma.com.br\/wsite\/#organization"},"potentialAction":[{"@type":"SearchAction","target":{"@type":"EntryPoint","urlTemplate":"http:\/\/sterifarma.com.br\/wsite\/?s={search_term_string}"},"query-input":"required name=search_term_string"}],"inLanguage":"pt-BR"},{"@type":"ImageObject","inLanguage":"pt-BR","@id":"http:\/\/sterifarma.com.br\/wsite\/#primaryimage","url":"http:\/\/sterifarma.com.br\/wsite\/wp-content\/uploads\/2022\/09\/caixa-imantada.jpg","contentUrl":"http:\/\/sterifarma.com.br\/wsite\/wp-content\/uploads\/2022\/09\/caixa-imantada.jpg","width":600,"height":600},{"@type":"WebPage","@id":"http:\/\/sterifarma.com.br\/wsite\/","url":"http:\/\/sterifarma.com.br\/wsite\/","name":"materiais-esterilizados","isPartOf":{"@id":"http:\/\/sterifarma.com.br\/wsite\/#website"},"primaryImageOfPage":{"@id":"http:\/\/sterifarma.com.br\/wsite\/#primaryimage"},"datePublished":"2015-12-17T18:52:10+00:00","dateModified":"2022-09-23T19:46:57+00:00","breadcrumb":{"@id":"http:\/\/sterifarma.com.br\/wsite\/#breadcrumb"},"inLanguage":"pt-BR","potentialAction":[{"@type":"ReadAction","target":["http:\/\/sterifarma.com.br\/wsite\/"]}]},{"@type":"BreadcrumbList","@id":"http:\/\/sterifarma.com.br\/wsite\/#breadcrumb","itemListElement":[{"@type":"ListItem","position":1,"name":"In\u00edcio","item":"http:\/\/sterifarma.com.br\/wsite\/"},{"@type":"ListItem","position":2,"name":"Home"}]}]}},"_links":{"self":[{"href":"http:\/\/sterifarma.com.br\/wsite\/wp-json\/wp\/v2\/pages\/16"}],"collection":[{"href":"http:\/\/sterifarma.com.br\/wsite\/wp-json\/wp\/v2\/pages"}],"about":[{"href":"http:\/\/sterifarma.com.br\/wsite\/wp-json\/wp\/v2\/types\/page"}],"author":[{"embeddable":true,"href":"http:\/\/sterifarma.com.br\/wsite\/wp-json\/wp\/v2\/users\/1"}],"replies":[{"embeddable":true,"href":"http:\/\/sterifarma.com.br\/wsite\/wp-json\/wp\/v2\/comments?post=16"}],"version-history":[{"count":61,"href":"http:\/\/sterifarma.com.br\/wsite\/wp-json\/wp\/v2\/pages\/16\/revisions"}],"predecessor-version":[{"id":5107,"href":"http:\/\/sterifarma.com.br\/wsite\/wp-json\/wp\/v2\/pages\/16\/revisions\/5107"}],"wp:attachment":[{"href":"http:\/\/sterifarma.com.br\/wsite\/wp-json\/wp\/v2\/media?parent=16"}],"curies":[{"name":"wp","href":"https:\/\/api.w.org\/{rel}","templated":true}]}}