{"id":194,"date":"2015-12-21T09:31:44","date_gmt":"2015-12-21T09:31:44","guid":{"rendered":"http:\/\/sterifbr.acessotemp.net\/wsite\/?page_id=194"},"modified":"2022-09-16T20:49:21","modified_gmt":"2022-09-16T20:49:21","slug":"contato","status":"publish","type":"page","link":"http:\/\/sterifarma.com.br\/wsite\/contato\/","title":{"rendered":"Contato"},"content":{"rendered":"<div class=\"vce-row-container\" data-vce-boxed-width=\"true\"><div class=\"vce-row vce-row--col-gap-30 vce-row-equal-height vce-row-content--top\" id=\"el-3dba361b\" data-vce-do-apply=\"all el-3dba361b\"><div class=\"vce-row-content\" data-vce-element-content=\"true\"><div class=\"vce-col vce-col--md-auto vce-col--xs-1 vce-col--xs-last vce-col--xs-first vce-col--sm-last vce-col--sm-first vce-col--md-last vce-col--lg-last vce-col--xl-last vce-col--md-first vce-col--lg-first vce-col--xl-first\" id=\"el-5055544e\"><div class=\"vce-col-inner\" data-vce-do-apply=\"border margin background  el-5055544e\"><div class=\"vce-col-content\" data-vce-element-content=\"true\" data-vce-do-apply=\"padding el-5055544e\"><div class=\"vce-text-block\"><div class=\"vce-text-block-wrapper vce\" id=\"el-72e62d49\" data-vce-do-apply=\"all el-72e62d49\"><p><div class=\"vc_row wpb_row vc_row-fluid  \" ><div class=\"container\"><div class=\"row\">\n\t<div class=\"vc_col-sm-12 wpb_column vc_column_container\">\n\t\t<div class=\"wpb_wrapper\">\n\t\t\t<div class=\"vc_empty_space\"  style=\"height: 15px\" ><span class=\"vc_empty_space_inner\"><\/span><\/div>\n\n\n\t\t<\/div> \n\t<\/div> \n<\/div><\/div><\/div><div class=\"vc_row wpb_row vc_row-fluid  \" ><div class=\"container\"><div class=\"row\">\n\t<div class=\"vc_col-sm-12 wpb_column vc_column_container\">\n\t\t<div class=\"wpb_wrapper\">\n\t\t\t<div class=\"wpb_gmaps_widget wpb_content_element\">\n\t\t<div class=\"wpb_wrapper\">\n\t\t<div class=\"wpb_map_wraper\">\n\t\t\t<iframe src=\"https:\/\/www.google.com\/maps\/embed?pb=!1m18!1m12!1m3!1d3660.6632343399783!2d-46.435128785546205!3d-23.436529362878105!2m3!1f0!2f0!3f0!3m2!1i1024!2i768!4f13.1!3m3!1m2!1s0x94ce89fc6dd68deb%3A0x632d16513212b55!2sAv.%20Carmela%20Dutra%2C%20180%20-%20Jardim%20Pres.%20Dutra%2C%20Guarulhos%20-%20SP%2C%2007170-150!5e0!3m2!1spt-BR!2sbr!4v1595445180525!5m2!1spt-BR!2sbr\" width=\"800\" height=\"300\" frameborder=\"0\" style=\"border:0\" allowfullscreen><\/iframe>\t\t<\/div>\n\t<\/div><\/div>\n\t\t<\/div> \n\t<\/div> \n<\/div><\/div><\/div><div class=\"vc_row wpb_row vc_row-fluid  \" ><div class=\"container\"><div class=\"row\">\n\t<div class=\"vc_col-sm-12 wpb_column vc_column_container\">\n\t\t<div class=\"wpb_wrapper\">\n\t\t\t<div class=\"vc_empty_space\"  style=\"height: 32px\" ><span class=\"vc_empty_space_inner\"><\/span><\/div>\n\n\n\t\t<\/div> \n\t<\/div> \n<\/div><\/div><\/div><div class=\"vc_row wpb_row vc_row-fluid  \" ><div class=\"container\"><div class=\"row\">\n\t<div class=\"vc_col-sm-8 wpb_column vc_column_container\">\n\t\t<div class=\"wpb_wrapper\">\n\t\t\t\n\t<div class=\"wpb_text_column wpb_content_element  vc_custom_1498067679993\">\n\t\t<div class=\"wpb_wrapper\">\n\t\t\t<h1 class=\"alternative\">Fale com a Sterifarma<\/h1>\n<p>Envie uma mensagem&nbsp;com suas d\u00favidas&nbsp;e sugest\u00f5es.<\/p>\n<p>Para saber mais sobre nossos produtos envie uma mensagem e um Consultor T\u00e9cnico de Vendas entrar\u00e1 em contato para oferecer o melhor solu\u00e7\u00e3o com a qualidade Sterifarma.<\/p>\n\n\t\t<\/div> \n\t<\/div> <div class=\"vc_empty_space\"  style=\"height: 15px\" ><span class=\"vc_empty_space_inner\"><\/span><\/div>\n\n<div role=\"form\" class=\"wpcf7\" id=\"wpcf7-f4-o1\" lang=\"pt-BR\" dir=\"ltr\">\n<div class=\"screen-reader-response\"><p role=\"status\" aria-live=\"polite\" aria-atomic=\"true\"><\/p> <ul><\/ul><\/div>\n<form action=\"\/wsite\/wp-json\/wp\/v2\/pages\/194#wpcf7-f4-o1\" method=\"post\" class=\"wpcf7-form init\" novalidate=\"novalidate\" data-status=\"init\">\n<div style=\"display: none;\">\n<input type=\"hidden\" name=\"_wpcf7\" value=\"4\" \/>\n<input type=\"hidden\" name=\"_wpcf7_version\" value=\"5.6.3\" \/>\n<input type=\"hidden\" name=\"_wpcf7_locale\" value=\"pt_BR\" \/>\n<input type=\"hidden\" name=\"_wpcf7_unit_tag\" value=\"wpcf7-f4-o1\" \/>\n<input type=\"hidden\" name=\"_wpcf7_container_post\" value=\"0\" \/>\n<input type=\"hidden\" name=\"_wpcf7_posted_data_hash\" value=\"\" \/>\n<\/div>\n<p>Para<br \/><span class=\"wpcf7-form-control-wrap\" data-name=\"your-recipient\"><select name=\"your-recipient\" class=\"wpcf7-form-control wpcf7-select wpcf7-validates-as-required\" aria-required=\"true\" aria-invalid=\"false\"><option value=\"D\u00favidas, Sugest\u00f5es e Reclama\u00e7\u00f5es\">D\u00favidas, Sugest\u00f5es e Reclama\u00e7\u00f5es<\/option><option value=\"Vendas\">Vendas<\/option><option value=\"Webmaster\">Webmaster<\/option><\/select><\/span><\/p>\n<p>Seu nome (obrigat\u00f3rio)<br \/>\n    <span class=\"wpcf7-form-control-wrap\" data-name=\"your-name\"><input type=\"text\" name=\"your-name\" value=\"\" size=\"40\" class=\"wpcf7-form-control wpcf7-text wpcf7-validates-as-required\" aria-required=\"true\" aria-invalid=\"false\" \/><\/span> <\/p>\n<p>Seu e-mail (obrigat\u00f3rio)<br \/>\n    <span class=\"wpcf7-form-control-wrap\" data-name=\"your-email\"><input type=\"email\" name=\"your-email\" value=\"\" size=\"40\" class=\"wpcf7-form-control wpcf7-text wpcf7-email wpcf7-validates-as-required wpcf7-validates-as-email\" aria-required=\"true\" aria-invalid=\"false\" \/><\/span> <\/p>\n<p>Assunto<br \/>\n    <span class=\"wpcf7-form-control-wrap\" data-name=\"your-subject\"><input type=\"text\" name=\"your-subject\" value=\"\" size=\"40\" class=\"wpcf7-form-control wpcf7-text wpcf7-validates-as-required\" aria-required=\"true\" aria-invalid=\"false\" \/><\/span> <\/p>\n<p>Sua mensagem<br \/>\n    <span class=\"wpcf7-form-control-wrap\" data-name=\"your-message\"><textarea name=\"your-message\" cols=\"40\" rows=\"10\" class=\"wpcf7-form-control wpcf7-textarea wpcf7-validates-as-required\" aria-required=\"true\" aria-invalid=\"false\"><\/textarea><\/span> <\/p>\n<p><input type=\"submit\" value=\"Enviar\" class=\"wpcf7-form-control has-spinner wpcf7-submit\" \/><\/p>\n<div class=\"wpcf7-response-output\" aria-hidden=\"true\"><\/div><\/form><\/div>\n\t\t<\/div> \n\t<\/div> \n\n\t<div class=\"vc_col-sm-4 wpb_column vc_column_container\">\n\t\t<div class=\"wpb_wrapper\">\n\t\t\t\n\t<div class=\"wpb_text_column wpb_content_element \">\n\t\t<div class=\"wpb_wrapper\">\n\t\t\t<p><img loading=\"lazy\" class=\"alignnone\" src=\"http:\/\/sterifarma.com.br\/wsite\/wp-content\/uploads\/2015\/12\/SteriLogo_PNG_mais_Assinatura.png\" alt=\"SteriLogo_PNG_mais_Assinatura\" width=\"250\" height=\"135\"><\/p>\n<p><strong>Sterifarma Produtos Cir\u00fargicos Ltda.<\/strong><br \/>\nAv. Carmela Dutra, 180 - Galp\u00e3o 3 - Ala A - Guarulhos \/SP - CEP 07170-150<\/p>\n<h3 class=\"alternative\">Tel.: (11) 2421-2551<\/p>\n<p>Vendas (11) 9 5074-9040 (Whatsapp)<\/p>\n<p class=\"p1\"><strong><span class=\"s1\"><a href=\"mailto:sac@sterifarma.com.br\">sac@sterifarma.com.br<\/a><\/span><\/strong><\/p>\n<p><\/h3>\n\n\t\t<\/div> \n\t<\/div> \n\t<div class=\"wpb_text_column wpb_content_element \">\n\t\t<div class=\"wpb_wrapper\">\n\t\t\t<h1 class=\"alternative\">Seja nosso representante.<\/h1>\n<p>Envie uma mensagem com um breve resumo de experi\u00eancia profissional que entraremos em contato.<\/p>\n\n\t\t<\/div> \n\t<\/div> \n\t\t<\/div> \n\t<\/div> \n<\/div><\/div><\/div><div class=\"vc_row wpb_row vc_row-fluid   vc_custom_1450890130729\" ><div class=\"container\"><div class=\"row\">\n\t<div class=\"vc_col-sm-12 wpb_column vc_column_container\">\n\t\t<div class=\"wpb_wrapper\">\n\t\t\t<div class=\"vc_empty_space\"  style=\"height: 32px\" ><span class=\"vc_empty_space_inner\"><\/span><\/div>\n\n\n\t\t<\/div> \n\t<\/div> \n<\/div><\/div><\/div><\/p>\n<\/div><\/div><\/div><\/div><\/div><\/div><\/div><\/div>","protected":false},"excerpt":{"rendered":"Fale com a Sterifarma Envie uma mensagem&nbsp;com suas d\u00favidas&nbsp;e sugest\u00f5es. Para saber mais sobre nossos produtos envie uma mensagem e um Consultor T\u00e9cnico de Vendas entrar\u00e1 em contato para oferecer...","protected":false},"author":1,"featured_media":0,"parent":0,"menu_order":6,"comment_status":"closed","ping_status":"closed","template":"template-minimal-page.php","meta":[],"yoast_head":"<!-- This site is optimized with the Yoast SEO plugin v19.3 - https:\/\/yoast.com\/wordpress\/plugins\/seo\/ -->\n<title>Contato - Sterifarma-material-esterilizado<\/title>\n<meta name=\"robots\" content=\"index, follow, max-snippet:-1, max-image-preview:large, max-video-preview:-1\" \/>\n<link rel=\"canonical\" href=\"http:\/\/sterifarma.com.br\/wsite\/en\/contato\/\" \/>\n<meta property=\"og:locale\" content=\"pt_BR\" \/>\n<meta property=\"og:type\" content=\"article\" \/>\n<meta property=\"og:title\" content=\"Contato - Sterifarma-material-esterilizado\" \/>\n<meta property=\"og:url\" content=\"http:\/\/sterifarma.com.br\/wsite\/en\/contato\/\" \/>\n<meta property=\"og:site_name\" content=\"Sterifarma-material-esterilizado\" \/>\n<meta property=\"article:modified_time\" content=\"2022-09-16T20:49:21+00:00\" \/>\n<meta name=\"twitter:card\" content=\"summary\" \/>\n<meta name=\"twitter:label1\" content=\"Est. tempo de leitura\" \/>\n\t<meta name=\"twitter:data1\" content=\"2 minutos\" \/>\n<script type=\"application\/ld+json\" class=\"yoast-schema-graph\">{\"@context\":\"https:\/\/schema.org\",\"@graph\":[{\"@type\":\"Organization\",\"@id\":\"http:\/\/sterifarma.com.br\/wsite\/#organization\",\"name\":\"Sterifarma\",\"url\":\"http:\/\/sterifarma.com.br\/wsite\/\",\"sameAs\":[],\"logo\":{\"@type\":\"ImageObject\",\"inLanguage\":\"pt-BR\",\"@id\":\"http:\/\/sterifarma.com.br\/wsite\/#\/schema\/logo\/image\/\",\"url\":\"http:\/\/sterifarma.com.br\/wsite\/wp-content\/uploads\/2015\/12\/SteriLogo_JPEG_mais_Assinatura.png\",\"contentUrl\":\"http:\/\/sterifarma.com.br\/wsite\/wp-content\/uploads\/2015\/12\/SteriLogo_JPEG_mais_Assinatura.png\",\"width\":300,\"height\":210,\"caption\":\"Sterifarma\"},\"image\":{\"@id\":\"http:\/\/sterifarma.com.br\/wsite\/#\/schema\/logo\/image\/\"}},{\"@type\":\"WebSite\",\"@id\":\"http:\/\/sterifarma.com.br\/wsite\/#website\",\"url\":\"http:\/\/sterifarma.com.br\/wsite\/\",\"name\":\"Sterifarma-material-esterilizado\",\"description\":\"Material-Esterilizado\",\"publisher\":{\"@id\":\"http:\/\/sterifarma.com.br\/wsite\/#organization\"},\"potentialAction\":[{\"@type\":\"SearchAction\",\"target\":{\"@type\":\"EntryPoint\",\"urlTemplate\":\"http:\/\/sterifarma.com.br\/wsite\/?s={search_term_string}\"},\"query-input\":\"required name=search_term_string\"}],\"inLanguage\":\"pt-BR\"},{\"@type\":\"WebPage\",\"@id\":\"http:\/\/sterifarma.com.br\/wsite\/en\/contato\/\",\"url\":\"http:\/\/sterifarma.com.br\/wsite\/en\/contato\/\",\"name\":\"Contato - Sterifarma-material-esterilizado\",\"isPartOf\":{\"@id\":\"http:\/\/sterifarma.com.br\/wsite\/#website\"},\"datePublished\":\"2015-12-21T09:31:44+00:00\",\"dateModified\":\"2022-09-16T20:49:21+00:00\",\"breadcrumb\":{\"@id\":\"http:\/\/sterifarma.com.br\/wsite\/en\/contato\/#breadcrumb\"},\"inLanguage\":\"pt-BR\",\"potentialAction\":[{\"@type\":\"ReadAction\",\"target\":[\"http:\/\/sterifarma.com.br\/wsite\/en\/contato\/\"]}]},{\"@type\":\"BreadcrumbList\",\"@id\":\"http:\/\/sterifarma.com.br\/wsite\/en\/contato\/#breadcrumb\",\"itemListElement\":[{\"@type\":\"ListItem\",\"position\":1,\"name\":\"In\u00edcio\",\"item\":\"http:\/\/sterifarma.com.br\/wsite\/\"},{\"@type\":\"ListItem\",\"position\":2,\"name\":\"Contato\"}]}]}<\/script>\n<!-- \/ Yoast SEO plugin. -->","yoast_head_json":{"title":"Contato - Sterifarma-material-esterilizado","robots":{"index":"index","follow":"follow","max-snippet":"max-snippet:-1","max-image-preview":"max-image-preview:large","max-video-preview":"max-video-preview:-1"},"canonical":"http:\/\/sterifarma.com.br\/wsite\/en\/contato\/","og_locale":"pt_BR","og_type":"article","og_title":"Contato - Sterifarma-material-esterilizado","og_url":"http:\/\/sterifarma.com.br\/wsite\/en\/contato\/","og_site_name":"Sterifarma-material-esterilizado","article_modified_time":"2022-09-16T20:49:21+00:00","twitter_card":"summary","twitter_misc":{"Est. tempo de leitura":"2 minutos"},"schema":{"@context":"https:\/\/schema.org","@graph":[{"@type":"Organization","@id":"http:\/\/sterifarma.com.br\/wsite\/#organization","name":"Sterifarma","url":"http:\/\/sterifarma.com.br\/wsite\/","sameAs":[],"logo":{"@type":"ImageObject","inLanguage":"pt-BR","@id":"http:\/\/sterifarma.com.br\/wsite\/#\/schema\/logo\/image\/","url":"http:\/\/sterifarma.com.br\/wsite\/wp-content\/uploads\/2015\/12\/SteriLogo_JPEG_mais_Assinatura.png","contentUrl":"http:\/\/sterifarma.com.br\/wsite\/wp-content\/uploads\/2015\/12\/SteriLogo_JPEG_mais_Assinatura.png","width":300,"height":210,"caption":"Sterifarma"},"image":{"@id":"http:\/\/sterifarma.com.br\/wsite\/#\/schema\/logo\/image\/"}},{"@type":"WebSite","@id":"http:\/\/sterifarma.com.br\/wsite\/#website","url":"http:\/\/sterifarma.com.br\/wsite\/","name":"Sterifarma-material-esterilizado","description":"Material-Esterilizado","publisher":{"@id":"http:\/\/sterifarma.com.br\/wsite\/#organization"},"potentialAction":[{"@type":"SearchAction","target":{"@type":"EntryPoint","urlTemplate":"http:\/\/sterifarma.com.br\/wsite\/?s={search_term_string}"},"query-input":"required name=search_term_string"}],"inLanguage":"pt-BR"},{"@type":"WebPage","@id":"http:\/\/sterifarma.com.br\/wsite\/en\/contato\/","url":"http:\/\/sterifarma.com.br\/wsite\/en\/contato\/","name":"Contato - Sterifarma-material-esterilizado","isPartOf":{"@id":"http:\/\/sterifarma.com.br\/wsite\/#website"},"datePublished":"2015-12-21T09:31:44+00:00","dateModified":"2022-09-16T20:49:21+00:00","breadcrumb":{"@id":"http:\/\/sterifarma.com.br\/wsite\/en\/contato\/#breadcrumb"},"inLanguage":"pt-BR","potentialAction":[{"@type":"ReadAction","target":["http:\/\/sterifarma.com.br\/wsite\/en\/contato\/"]}]},{"@type":"BreadcrumbList","@id":"http:\/\/sterifarma.com.br\/wsite\/en\/contato\/#breadcrumb","itemListElement":[{"@type":"ListItem","position":1,"name":"In\u00edcio","item":"http:\/\/sterifarma.com.br\/wsite\/"},{"@type":"ListItem","position":2,"name":"Contato"}]}]}},"_links":{"self":[{"href":"http:\/\/sterifarma.com.br\/wsite\/wp-json\/wp\/v2\/pages\/194"}],"collection":[{"href":"http:\/\/sterifarma.com.br\/wsite\/wp-json\/wp\/v2\/pages"}],"about":[{"href":"http:\/\/sterifarma.com.br\/wsite\/wp-json\/wp\/v2\/types\/page"}],"author":[{"embeddable":true,"href":"http:\/\/sterifarma.com.br\/wsite\/wp-json\/wp\/v2\/users\/1"}],"replies":[{"embeddable":true,"href":"http:\/\/sterifarma.com.br\/wsite\/wp-json\/wp\/v2\/comments?post=194"}],"version-history":[{"count":32,"href":"http:\/\/sterifarma.com.br\/wsite\/wp-json\/wp\/v2\/pages\/194\/revisions"}],"predecessor-version":[{"id":4989,"href":"http:\/\/sterifarma.com.br\/wsite\/wp-json\/wp\/v2\/pages\/194\/revisions\/4989"}],"wp:attachment":[{"href":"http:\/\/sterifarma.com.br\/wsite\/wp-json\/wp\/v2\/media?parent=194"}],"curies":[{"name":"wp","href":"https:\/\/api.w.org\/{rel}","templated":true}]}}