{"id":23,"date":"2015-12-18T10:59:43","date_gmt":"2015-12-18T10:59:43","guid":{"rendered":"http:\/\/sterifbr.acessotemp.net\/wsite\/?page_id=23"},"modified":"2022-09-23T21:50:47","modified_gmt":"2022-09-23T21:50:47","slug":"sobre-a-sterifarma","status":"publish","type":"page","link":"http:\/\/sterifarma.com.br\/wsite\/sobre-a-sterifarma\/","title":{"rendered":"Sobre a Sterifarma"},"content":{"rendered":"<div class=\"vce-row-container\" data-vce-boxed-width=\"true\"><div class=\"vce-row vce-row--col-gap-30 vce-row-equal-height vce-row-content--top\" id=\"el-93e0f231\" data-vce-do-apply=\"all el-93e0f231\"><div class=\"vce-row-content\" data-vce-element-content=\"true\"><div class=\"vce-col vce-col--md-auto vce-col--xs-1 vce-col--xs-last vce-col--xs-first vce-col--sm-last vce-col--sm-first vce-col--md-last vce-col--lg-last vce-col--xl-last vce-col--md-first vce-col--lg-first vce-col--xl-first\" id=\"el-97e9ba7f\"><div class=\"vce-col-inner\" data-vce-do-apply=\"border margin background  el-97e9ba7f\"><div class=\"vce-col-content\" data-vce-element-content=\"true\" data-vce-do-apply=\"padding el-97e9ba7f\"><div class=\"vce-text-block\"><div class=\"vce-text-block-wrapper vce\" id=\"el-f18fa025\" data-vce-do-apply=\"all el-f18fa025\"><p><div class=\"vc_row wpb_row vc_row-fluid   vc_custom_1450437180815\" ><div class=\"container\"><div class=\"row\">\n\t<div class=\"vc_col-sm-6 wpb_column vc_column_container\">\n\t\t<div class=\"wpb_wrapper\">\n\t\t\t\n\t<div class=\"wpb_text_column wpb_content_element \">\n\t\t<div class=\"wpb_wrapper\">\n\t\t\t<h1 class=\"alternative\">L\u00edder em Inova\u00e7\u00e3o h\u00e1 mais de 25 anos!<\/h1>\n<p>Voc\u00ea sabia que os primeiros Kits Cir\u00fargicos Est\u00e9reis e Descart\u00e1veis do mercado brasileiro foram desenvolvidos pela Sterifarma no ano de 1995?<br \/>\nDesde a sua funda\u00e7\u00e3o a Sterifarma oferece solu\u00e7\u00f5es inovadoras e customizadas de alta qualidade em materiais est\u00e9reis e descart\u00e1veis aplicados aos procedimentos cir\u00fargicos e p\u00f3s-cir\u00fargicos. Os materiais s\u00e3o fornecidos prontos para o uso, obedecendo rigorosamente aos padr\u00f5es definidos pelo cliente, pela ANVISA e dentro dos par\u00e2metros de Excel\u00eancia na Qualidade de Fabrica\u00e7\u00e3o, sendo certificada pela ISO 9001.<\/p>\n<p>Desde ent\u00e3o desenvolvemos nosso pr\u00f3prio selo de qualidade.<\/p>\n<div><\/div>\n<p>Ao receber o seu kit cir\u00fargico est\u00e9ril e descart\u00e1vel,<br \/>\nse ele tem este selo, voc\u00ea pode confiar.<\/p>\n\n\t\t<\/div> \n\t<\/div> \n\t\t<\/div> \n\t<\/div> \n\n\t<div class=\"vc_col-sm-6 wpb_column vc_column_container\">\n\t\t<div class=\"wpb_wrapper\">\n\t\t\t\n\t<div class=\"wpb_single_image wpb_content_element wpb_animate_when_almost_visible wpb_right-to-left vc_align_left\">\n\t\t<div class=\"wpb_wrapper\">\n\t\t\t\n\t\t\t<img width=\"496\" height=\"282\" src=\"http:\/\/sterifarma.com.br\/wsite\/wp-content\/uploads\/2015\/12\/Sobre_cirurgiao.jpg\" class=\" vc_box_border_grey attachment-full\" alt=\"\" loading=\"lazy\" srcset=\"http:\/\/sterifarma.com.br\/wsite\/wp-content\/uploads\/2015\/12\/Sobre_cirurgiao.jpg 496w, http:\/\/sterifarma.com.br\/wsite\/wp-content\/uploads\/2015\/12\/Sobre_cirurgiao-300x171.jpg 300w, http:\/\/sterifarma.com.br\/wsite\/wp-content\/uploads\/2015\/12\/Sobre_cirurgiao-88x50.jpg 88w\" sizes=\"(max-width: 496px) 100vw, 496px\" \/>\n\t\t<\/div> \n\t<\/div> \n\t\t<\/div> \n\t<\/div> \n<\/div><\/div><\/div><div class=\"vc_row wpb_row vc_row-fluid   vc_custom_1450437144077\" ><div class=\"container\"><div class=\"row\">\n\t<div class=\"vc_col-sm-6 wpb_column vc_column_container\">\n\t\t<div class=\"wpb_wrapper\">\n\t\t\t\n\t<div class=\"wpb_single_image wpb_content_element vc_custom_1498064041562 wpb_animate_when_almost_visible wpb_left-to-right vc_align_left\">\n\t\t<div class=\"wpb_wrapper\">\n\t\t\t\n\t\t\t<img width=\"496\" height=\"282\" src=\"http:\/\/sterifarma.com.br\/wsite\/wp-content\/uploads\/2015\/12\/Sobre_enfermeira.jpg\" class=\" vc_box_border_grey attachment-full\" alt=\"\" loading=\"lazy\" srcset=\"http:\/\/sterifarma.com.br\/wsite\/wp-content\/uploads\/2015\/12\/Sobre_enfermeira.jpg 496w, http:\/\/sterifarma.com.br\/wsite\/wp-content\/uploads\/2015\/12\/Sobre_enfermeira-300x171.jpg 300w, http:\/\/sterifarma.com.br\/wsite\/wp-content\/uploads\/2015\/12\/Sobre_enfermeira-88x50.jpg 88w\" sizes=\"(max-width: 496px) 100vw, 496px\" \/>\n\t\t<\/div> \n\t<\/div> \n\t<div class=\"wpb_text_column wpb_content_element  vc_custom_1526937405910\">\n\t\t<div class=\"wpb_wrapper\">\n\t\t\t<h2 class=\"alternative\">Pol\u00edtica da Qualidade<\/h2>\n<ul>\n<li>\n<p class=\"p1\">Atendimento aos requisitos da NBR ISO 9001 e de Boas Pr\u00e1ticas de Fabrica\u00e7\u00e3o, que s\u00e3o os pilares da Qualidade.<\/p>\n<\/li>\n<li>Estabelecer parcerias com empresas que atendem os mesmos padr\u00f5es de qualidade.<\/li>\n<li>Busca da melhoria cont\u00ednua.<\/li>\n<\/ul>\n\n\t\t<\/div> \n\t<\/div> \n\t\t<\/div> \n\t<\/div> \n\n\t<div class=\"vc_col-sm-6 wpb_column vc_column_container\">\n\t\t<div class=\"wpb_wrapper\">\n\t\t\t\n\t<div class=\"wpb_text_column wpb_content_element  vc_custom_1498063976115\">\n\t\t<div class=\"wpb_wrapper\">\n\t\t\t<h2 class=\"alternative\">Miss\u00e3o<\/h2>\n<p>Disponibilizar produtos inovadores visando melhorar a efici\u00eancia, atendendo as necessidades de toda a \u00e1rea m\u00e9dica, com novas solu\u00e7\u00f5es sob medida.<\/p>\n<p>&nbsp;<\/p>\n<h2 class=\"alternative\">Vis\u00e3o<\/h2>\n<p>Melhorar continuamente a qualidade da sa\u00fade atrav\u00e9s da inova\u00e7\u00e3o<\/p>\n<p>&nbsp;<\/p>\n<h2 class=\"alternative\">Valores<\/h2>\n<ul>\n<li>Compromisso com o Padr\u00e3o de Qualidade Sterifarma<\/li>\n<li>Foco na Inova\u00e7\u00e3o e Desenvolvimento<\/li>\n<li>Compromisso com nossos Clientes e Parceiros<\/li>\n<li>Transpar\u00eancia<\/li>\n<li>Sa\u00fade como maior Valor da Vida<\/li>\n<\/ul>\n\n\t\t<\/div> \n\t<\/div> \n\t\t<\/div> \n\t<\/div> \n<\/div><\/div><\/div><div class=\"vc_row wpb_row vc_row-fluid   vc_custom_1498063438177\" ><div class=\"container\"><div class=\"row\">\n\t<div class=\"vc_col-sm-6 wpb_column vc_column_container\">\n\t\t<div class=\"wpb_wrapper\">\n\t\t\t\n\t<div class=\"wpb_text_column wpb_content_element \">\n\t\t<div class=\"wpb_wrapper\">\n\t\t\t<h1 class=\"alternative\">Padr\u00e3o Sterifarma de Qualidade<\/h1>\n<p>A Sterifarma possui um Sistema de Gest\u00e3o da Qualidade certificado conforme a Norma NBR ISO 9001, al\u00e9m de obedecer os requisitos da RDC-16 da ANVISA (Regulamento T\u00e9cnico de Boas Pr\u00e1ticas de Fabrica\u00e7\u00e3o de Produtos M\u00e9dicos e Produtos para Diagn\u00f3stico de Uso In Vitro).<\/p>\n<p><a href=\"http:\/\/sterifarma.com.br\/wsite\/como-funciona\/\">Saiba Mais<\/a><\/p>\n\n\t\t<\/div> \n\t<\/div> \n\t\t<\/div> \n\t<\/div> \n\n\t<div class=\"vc_col-sm-6 wpb_column vc_column_container\">\n\t\t<div class=\"wpb_wrapper\">\n\t\t\t\n\t<div class=\"wpb_single_image wpb_content_element wpb_animate_when_almost_visible wpb_left-to-right vc_align_left\">\n\t\t<div class=\"wpb_wrapper\">\n\t\t\t\n\t\t\t<img width=\"496\" height=\"282\" src=\"http:\/\/sterifarma.com.br\/wsite\/wp-content\/uploads\/2015\/12\/Sobre_qualidade.jpg\" class=\" vc_box_border_grey attachment-full\" alt=\"\" loading=\"lazy\" srcset=\"http:\/\/sterifarma.com.br\/wsite\/wp-content\/uploads\/2015\/12\/Sobre_qualidade.jpg 496w, http:\/\/sterifarma.com.br\/wsite\/wp-content\/uploads\/2015\/12\/Sobre_qualidade-300x171.jpg 300w, http:\/\/sterifarma.com.br\/wsite\/wp-content\/uploads\/2015\/12\/Sobre_qualidade-88x50.jpg 88w\" sizes=\"(max-width: 496px) 100vw, 496px\" \/>\n\t\t<\/div> \n\t<\/div> \n\t\t<\/div> \n\t<\/div> \n<\/div><\/div><\/div><div class=\"vc_row wpb_row vc_row-fluid  \" ><div class=\"container\"><div class=\"row\">\n\t<div class=\"vc_col-sm-12 wpb_column vc_column_container\">\n\t\t<div class=\"wpb_wrapper\">\n\t\t\t<div class=\"vc_empty_space\"  style=\"height: 32px\" ><span class=\"vc_empty_space_inner\"><\/span><\/div>\n\n\n\t\t<\/div> \n\t<\/div> \n<\/div><\/div><\/div><div class=\"vc_row wpb_row vc_row-fluid   vc_custom_1450908309039\" ><div class=\"container\"><div class=\"row\">\n\t<div class=\"vc_col-sm-12 wpb_column vc_column_container\">\n\t\t<div class=\"wpb_wrapper\">\n\t\t\t<div class=\"vc_empty_space\"  style=\"height: 32px\" ><span class=\"vc_empty_space_inner\"><\/span><\/div>\n\n\n\t\t<\/div> \n\t<\/div> \n<\/div><\/div><\/div><\/p>\n<\/div><\/div><\/div><\/div><\/div><\/div><\/div><\/div>","protected":false},"excerpt":{"rendered":"L\u00edder em Inova\u00e7\u00e3o h\u00e1 mais de 25 anos! Voc\u00ea sabia que os primeiros Kits Cir\u00fargicos Est\u00e9reis e Descart\u00e1veis do mercado brasileiro foram desenvolvidos pela Sterifarma no ano de 1995? Desde...","protected":false},"author":1,"featured_media":0,"parent":0,"menu_order":0,"comment_status":"closed","ping_status":"closed","template":"template-minimal-page.php","meta":[],"yoast_head":"<!-- This site is optimized with the Yoast SEO plugin v19.3 - https:\/\/yoast.com\/wordpress\/plugins\/seo\/ -->\n<title>Sobre a Sterifarma - Sterifarma-material-esterilizado<\/title>\n<meta name=\"robots\" content=\"index, follow, max-snippet:-1, max-image-preview:large, max-video-preview:-1\" \/>\n<link rel=\"canonical\" href=\"http:\/\/sterifarma.com.br\/wsite\/sobre-a-sterifarma\/\" \/>\n<meta property=\"og:locale\" content=\"pt_BR\" \/>\n<meta property=\"og:type\" content=\"article\" \/>\n<meta property=\"og:title\" content=\"Sobre a Sterifarma - Sterifarma-material-esterilizado\" \/>\n<meta property=\"og:url\" content=\"http:\/\/sterifarma.com.br\/wsite\/sobre-a-sterifarma\/\" \/>\n<meta property=\"og:site_name\" content=\"Sterifarma-material-esterilizado\" \/>\n<meta property=\"article:modified_time\" content=\"2022-09-23T21:50:47+00:00\" \/>\n<meta name=\"twitter:card\" content=\"summary\" \/>\n<meta name=\"twitter:label1\" content=\"Est. tempo de leitura\" \/>\n\t<meta name=\"twitter:data1\" content=\"2 minutos\" \/>\n<script type=\"application\/ld+json\" class=\"yoast-schema-graph\">{\"@context\":\"https:\/\/schema.org\",\"@graph\":[{\"@type\":\"Organization\",\"@id\":\"http:\/\/sterifarma.com.br\/wsite\/en\/#organization\",\"name\":\"Sterifarma\",\"url\":\"http:\/\/sterifarma.com.br\/wsite\/en\/\",\"sameAs\":[],\"logo\":{\"@type\":\"ImageObject\",\"inLanguage\":\"pt-BR\",\"@id\":\"http:\/\/sterifarma.com.br\/wsite\/en\/#\/schema\/logo\/image\/\",\"url\":\"http:\/\/sterifarma.com.br\/wsite\/wp-content\/uploads\/2015\/12\/SteriLogo_JPEG_mais_Assinatura.png\",\"contentUrl\":\"http:\/\/sterifarma.com.br\/wsite\/wp-content\/uploads\/2015\/12\/SteriLogo_JPEG_mais_Assinatura.png\",\"width\":300,\"height\":210,\"caption\":\"Sterifarma\"},\"image\":{\"@id\":\"http:\/\/sterifarma.com.br\/wsite\/en\/#\/schema\/logo\/image\/\"}},{\"@type\":\"WebSite\",\"@id\":\"http:\/\/sterifarma.com.br\/wsite\/en\/#website\",\"url\":\"http:\/\/sterifarma.com.br\/wsite\/en\/\",\"name\":\"Sterifarma-material-esterilizado\",\"description\":\"Material-Esterilizado\",\"publisher\":{\"@id\":\"http:\/\/sterifarma.com.br\/wsite\/en\/#organization\"},\"potentialAction\":[{\"@type\":\"SearchAction\",\"target\":{\"@type\":\"EntryPoint\",\"urlTemplate\":\"http:\/\/sterifarma.com.br\/wsite\/en\/?s={search_term_string}\"},\"query-input\":\"required name=search_term_string\"}],\"inLanguage\":\"pt-BR\"},{\"@type\":\"WebPage\",\"@id\":\"http:\/\/sterifarma.com.br\/wsite\/sobre-a-sterifarma\/\",\"url\":\"http:\/\/sterifarma.com.br\/wsite\/sobre-a-sterifarma\/\",\"name\":\"Sobre a Sterifarma - Sterifarma-material-esterilizado\",\"isPartOf\":{\"@id\":\"http:\/\/sterifarma.com.br\/wsite\/en\/#website\"},\"datePublished\":\"2015-12-18T10:59:43+00:00\",\"dateModified\":\"2022-09-23T21:50:47+00:00\",\"breadcrumb\":{\"@id\":\"http:\/\/sterifarma.com.br\/wsite\/sobre-a-sterifarma\/#breadcrumb\"},\"inLanguage\":\"pt-BR\",\"potentialAction\":[{\"@type\":\"ReadAction\",\"target\":[\"http:\/\/sterifarma.com.br\/wsite\/sobre-a-sterifarma\/\"]}]},{\"@type\":\"BreadcrumbList\",\"@id\":\"http:\/\/sterifarma.com.br\/wsite\/sobre-a-sterifarma\/#breadcrumb\",\"itemListElement\":[{\"@type\":\"ListItem\",\"position\":1,\"name\":\"In\u00edcio\",\"item\":\"http:\/\/sterifarma.com.br\/wsite\/en\/\"},{\"@type\":\"ListItem\",\"position\":2,\"name\":\"Sobre a Sterifarma\"}]}]}<\/script>\n<!-- \/ Yoast SEO plugin. -->","yoast_head_json":{"title":"Sobre a Sterifarma - Sterifarma-material-esterilizado","robots":{"index":"index","follow":"follow","max-snippet":"max-snippet:-1","max-image-preview":"max-image-preview:large","max-video-preview":"max-video-preview:-1"},"canonical":"http:\/\/sterifarma.com.br\/wsite\/sobre-a-sterifarma\/","og_locale":"pt_BR","og_type":"article","og_title":"Sobre a Sterifarma - Sterifarma-material-esterilizado","og_url":"http:\/\/sterifarma.com.br\/wsite\/sobre-a-sterifarma\/","og_site_name":"Sterifarma-material-esterilizado","article_modified_time":"2022-09-23T21:50:47+00:00","twitter_card":"summary","twitter_misc":{"Est. tempo de leitura":"2 minutos"},"schema":{"@context":"https:\/\/schema.org","@graph":[{"@type":"Organization","@id":"http:\/\/sterifarma.com.br\/wsite\/en\/#organization","name":"Sterifarma","url":"http:\/\/sterifarma.com.br\/wsite\/en\/","sameAs":[],"logo":{"@type":"ImageObject","inLanguage":"pt-BR","@id":"http:\/\/sterifarma.com.br\/wsite\/en\/#\/schema\/logo\/image\/","url":"http:\/\/sterifarma.com.br\/wsite\/wp-content\/uploads\/2015\/12\/SteriLogo_JPEG_mais_Assinatura.png","contentUrl":"http:\/\/sterifarma.com.br\/wsite\/wp-content\/uploads\/2015\/12\/SteriLogo_JPEG_mais_Assinatura.png","width":300,"height":210,"caption":"Sterifarma"},"image":{"@id":"http:\/\/sterifarma.com.br\/wsite\/en\/#\/schema\/logo\/image\/"}},{"@type":"WebSite","@id":"http:\/\/sterifarma.com.br\/wsite\/en\/#website","url":"http:\/\/sterifarma.com.br\/wsite\/en\/","name":"Sterifarma-material-esterilizado","description":"Material-Esterilizado","publisher":{"@id":"http:\/\/sterifarma.com.br\/wsite\/en\/#organization"},"potentialAction":[{"@type":"SearchAction","target":{"@type":"EntryPoint","urlTemplate":"http:\/\/sterifarma.com.br\/wsite\/en\/?s={search_term_string}"},"query-input":"required name=search_term_string"}],"inLanguage":"pt-BR"},{"@type":"WebPage","@id":"http:\/\/sterifarma.com.br\/wsite\/sobre-a-sterifarma\/","url":"http:\/\/sterifarma.com.br\/wsite\/sobre-a-sterifarma\/","name":"Sobre a Sterifarma - Sterifarma-material-esterilizado","isPartOf":{"@id":"http:\/\/sterifarma.com.br\/wsite\/en\/#website"},"datePublished":"2015-12-18T10:59:43+00:00","dateModified":"2022-09-23T21:50:47+00:00","breadcrumb":{"@id":"http:\/\/sterifarma.com.br\/wsite\/sobre-a-sterifarma\/#breadcrumb"},"inLanguage":"pt-BR","potentialAction":[{"@type":"ReadAction","target":["http:\/\/sterifarma.com.br\/wsite\/sobre-a-sterifarma\/"]}]},{"@type":"BreadcrumbList","@id":"http:\/\/sterifarma.com.br\/wsite\/sobre-a-sterifarma\/#breadcrumb","itemListElement":[{"@type":"ListItem","position":1,"name":"In\u00edcio","item":"http:\/\/sterifarma.com.br\/wsite\/en\/"},{"@type":"ListItem","position":2,"name":"Sobre a Sterifarma"}]}]}},"_links":{"self":[{"href":"http:\/\/sterifarma.com.br\/wsite\/wp-json\/wp\/v2\/pages\/23"}],"collection":[{"href":"http:\/\/sterifarma.com.br\/wsite\/wp-json\/wp\/v2\/pages"}],"about":[{"href":"http:\/\/sterifarma.com.br\/wsite\/wp-json\/wp\/v2\/types\/page"}],"author":[{"embeddable":true,"href":"http:\/\/sterifarma.com.br\/wsite\/wp-json\/wp\/v2\/users\/1"}],"replies":[{"embeddable":true,"href":"http:\/\/sterifarma.com.br\/wsite\/wp-json\/wp\/v2\/comments?post=23"}],"version-history":[{"count":37,"href":"http:\/\/sterifarma.com.br\/wsite\/wp-json\/wp\/v2\/pages\/23\/revisions"}],"predecessor-version":[{"id":5117,"href":"http:\/\/sterifarma.com.br\/wsite\/wp-json\/wp\/v2\/pages\/23\/revisions\/5117"}],"wp:attachment":[{"href":"http:\/\/sterifarma.com.br\/wsite\/wp-json\/wp\/v2\/media?parent=23"}],"curies":[{"name":"wp","href":"https:\/\/api.w.org\/{rel}","templated":true}]}}