{"id":40,"date":"2015-12-18T11:45:45","date_gmt":"2015-12-18T11:45:45","guid":{"rendered":"http:\/\/sterifbr.acessotemp.net\/wsite\/?page_id=40"},"modified":"2022-09-26T18:49:13","modified_gmt":"2022-09-26T18:49:13","slug":"como-funciona","status":"publish","type":"page","link":"http:\/\/sterifarma.com.br\/wsite\/como-funciona\/","title":{"rendered":"Como Funciona"},"content":{"rendered":"<div class=\"vce-row-container\" data-vce-boxed-width=\"true\"><div class=\"vce-row vce-row--col-gap-30 vce-row-equal-height vce-row-content--top\" id=\"el-88b848e0\" data-vce-do-apply=\"all el-88b848e0\"><div class=\"vce-row-content\" data-vce-element-content=\"true\"><div class=\"vce-col vce-col--md-auto vce-col--xs-1 vce-col--xs-last vce-col--xs-first vce-col--sm-last vce-col--sm-first vce-col--md-last vce-col--lg-last vce-col--xl-last vce-col--md-first vce-col--lg-first vce-col--xl-first\" id=\"el-65acb59a\"><div class=\"vce-col-inner\" data-vce-do-apply=\"border margin background  el-65acb59a\"><div class=\"vce-col-content\" data-vce-element-content=\"true\" data-vce-do-apply=\"padding el-65acb59a\"><div class=\"vce-text-block\"><div class=\"vce-text-block-wrapper vce\" id=\"el-6d435ca9\" data-vce-do-apply=\"all el-6d435ca9\"><p><div class=\"vc_row wpb_row vc_row-fluid   vc_custom_1450446938337\" style=\"color:#0076be;\" ><div class=\"container\"><div class=\"row\">\n\t<div class=\"vc_col-sm-12 wpb_column vc_column_container\">\n\t\t<div class=\"wpb_wrapper\">\n\t\t\t\n\t<div class=\"wpb_single_image wpb_content_element vc_align_center\">\n\t\t<div class=\"wpb_wrapper\">\n\t\t\t<h2 class=\"wpb_heading wpb_singleimage_heading\">Como Funciona Passo a Passo o Processo Sterifarma<\/h2>\n\t\t\t<img width=\"750\" height=\"394\" src=\"http:\/\/sterifarma.com.br\/wsite\/wp-content\/uploads\/2015\/12\/Icons_processo3.gif\" class=\" vc_box_border_grey attachment-full\" alt=\"\" loading=\"lazy\" \/>\n\t\t<\/div> \n\t<\/div> \n\t\t<\/div> \n\t<\/div> \n<\/div><\/div><\/div><div class=\"vc_row wpb_row vc_row-fluid   vc_custom_1450439876738\" ><div class=\"container\"><div class=\"row\">\n\t<div class=\"vc_col-sm-3 wpb_column vc_column_container\">\n\t\t<div class=\"wpb_wrapper\">\n\t\t\t\n\t<div class=\"wpb_single_image wpb_content_element vc_custom_1450440205326 wpb_animate_when_almost_visible wpb_appear vc_align_center\">\n\t\t<div class=\"wpb_wrapper\">\n\t\t\t\n\t\t\t<img width=\"141\" height=\"125\" src=\"http:\/\/sterifarma.com.br\/wsite\/wp-content\/uploads\/2015\/12\/DesignIcon.png\" class=\" vc_box_border_grey attachment-full\" alt=\"\" loading=\"lazy\" srcset=\"http:\/\/sterifarma.com.br\/wsite\/wp-content\/uploads\/2015\/12\/DesignIcon.png 141w, http:\/\/sterifarma.com.br\/wsite\/wp-content\/uploads\/2015\/12\/DesignIcon-56x50.png 56w\" sizes=\"(max-width: 141px) 100vw, 141px\" \/>\n\t\t<\/div> \n\t<\/div> \n\t\t<\/div> \n\t<\/div> \n\n\t<div class=\"vc_col-sm-9 wpb_column vc_column_container\">\n\t\t<div class=\"wpb_wrapper\">\n\t\t\t\n\t<div class=\"wpb_text_column wpb_content_element \">\n\t\t<div class=\"wpb_wrapper\">\n\t\t\t<h1 class=\"alternative\">Design, Planejamento e Fabrica\u00e7\u00e3o<\/h1>\n<p class=\"p1\"><span class=\"s1\">Cada Centro Cir\u00fargico tem suas necessidades espec\u00edficas. Desta forma, a Sterifarma busca desenvolver e adaptar seus produtos e embalagens de acordo com cada hospital, otimizando tempo e garantindo a seguran\u00e7a durante o procedimento cir\u00fargico.<\/span><\/p>\n\n\t\t<\/div> \n\t<\/div> \n\t\t<\/div> \n\t<\/div> \n<\/div><\/div><\/div><div class=\"vc_row wpb_row vc_row-fluid   vc_custom_1450440328500\" ><div class=\"container\"><div class=\"row\">\n\t<div class=\"vc_col-sm-3 wpb_column vc_column_container\">\n\t\t<div class=\"wpb_wrapper\">\n\t\t\t\n\t<div class=\"wpb_single_image wpb_content_element vc_custom_1450440218851 wpb_animate_when_almost_visible wpb_appear vc_align_center\">\n\t\t<div class=\"wpb_wrapper\">\n\t\t\t\n\t\t\t<img width=\"141\" height=\"125\" src=\"http:\/\/sterifarma.com.br\/wsite\/wp-content\/uploads\/2015\/12\/EsterilizacaoIcon.png\" class=\" vc_box_border_grey attachment-thumbnail\" alt=\"\" loading=\"lazy\" srcset=\"http:\/\/sterifarma.com.br\/wsite\/wp-content\/uploads\/2015\/12\/EsterilizacaoIcon.png 141w, http:\/\/sterifarma.com.br\/wsite\/wp-content\/uploads\/2015\/12\/EsterilizacaoIcon-56x50.png 56w\" sizes=\"(max-width: 141px) 100vw, 141px\" \/>\n\t\t<\/div> \n\t<\/div> \n\t\t<\/div> \n\t<\/div> \n\n\t<div class=\"vc_col-sm-9 wpb_column vc_column_container\">\n\t\t<div class=\"wpb_wrapper\">\n\t\t\t\n\t<div class=\"wpb_text_column wpb_content_element \">\n\t\t<div class=\"wpb_wrapper\">\n\t\t\t<h1 class=\"alternative\">Esteriliza\u00e7\u00e3o com Raios Gama ou \u00d3xido de Etileno<\/h1>\n<p class=\"p1\"><span class=\"s1\">Al\u00e9m do inv\u00f3lucro grau cir\u00fargico, os produtos recebem uma segunda embalagem imperme\u00e1vel transparente, que os protege durante a estocagem e o transporte at\u00e9 o Centro Cir\u00fargico. <\/span><\/p>\n\n\t\t<\/div> \n\t<\/div> \n\t\t<\/div> \n\t<\/div> \n<\/div><\/div><\/div><div class=\"vc_row wpb_row vc_row-fluid   vc_custom_1450441018056\" ><div class=\"container\"><div class=\"row\">\n\t<div class=\"vc_col-sm-3 wpb_column vc_column_container\">\n\t\t<div class=\"wpb_wrapper\">\n\t\t\t\n\t<div class=\"wpb_single_image wpb_content_element vc_custom_1450440543456 wpb_animate_when_almost_visible wpb_appear vc_align_center\">\n\t\t<div class=\"wpb_wrapper\">\n\t\t\t\n\t\t\t<img width=\"141\" height=\"125\" src=\"http:\/\/sterifarma.com.br\/wsite\/wp-content\/uploads\/2015\/12\/QualidadeIcon.png\" class=\" vc_box_border_grey attachment-full\" alt=\"\" loading=\"lazy\" srcset=\"http:\/\/sterifarma.com.br\/wsite\/wp-content\/uploads\/2015\/12\/QualidadeIcon.png 141w, http:\/\/sterifarma.com.br\/wsite\/wp-content\/uploads\/2015\/12\/QualidadeIcon-56x50.png 56w\" sizes=\"(max-width: 141px) 100vw, 141px\" \/>\n\t\t<\/div> \n\t<\/div> \n\t\t<\/div> \n\t<\/div> \n\n\t<div class=\"vc_col-sm-9 wpb_column vc_column_container\">\n\t\t<div class=\"wpb_wrapper\">\n\t\t\t\n\t<div class=\"wpb_text_column wpb_content_element \">\n\t\t<div class=\"wpb_wrapper\">\n\t\t\t<h1 class=\"alternative\">Padr\u00e3o Sterifarma de Qualidade <\/h1>\n<p class=\"p1\"><span class=\"s1\">Controle de Qualidade Exclusivo em 3 n\u00edveis, por equipes distintas, durante todo o processo de produ\u00e7\u00e3o:<\/span><\/p>\n<ol class=\"ol1\">\n<li class=\"li1\"><span class=\"s1\">no envelopamento;<\/span><\/li>\n<li class=\"li1\"><span class=\"s1\">na selagem do envelope para a esteriliza\u00e7\u00e3o;<\/span><\/li>\n<li class=\"li1\"><span class=\"s1\">E ap\u00f3s a esteriliza\u00e7\u00e3o, na 2\u00aa embalagem antes da entrega<\/span><\/li>\n<\/ol>\n\n\t\t<\/div> \n\t<\/div> \n\t\t<\/div> \n\t<\/div> \n<\/div><\/div><\/div><div class=\"vc_row wpb_row vc_row-fluid   vc_custom_1450440328500\" ><div class=\"container\"><div class=\"row\">\n\t<div class=\"vc_col-sm-3 wpb_column vc_column_container\">\n\t\t<div class=\"wpb_wrapper\">\n\t\t\t\n\t<div class=\"wpb_single_image wpb_content_element vc_custom_1450440801380 wpb_animate_when_almost_visible wpb_appear vc_align_center\">\n\t\t<div class=\"wpb_wrapper\">\n\t\t\t\n\t\t\t<img width=\"141\" height=\"125\" src=\"http:\/\/sterifarma.com.br\/wsite\/wp-content\/uploads\/2015\/12\/RastreaIcon.png\" class=\" vc_box_border_grey attachment-full\" alt=\"\" loading=\"lazy\" srcset=\"http:\/\/sterifarma.com.br\/wsite\/wp-content\/uploads\/2015\/12\/RastreaIcon.png 141w, http:\/\/sterifarma.com.br\/wsite\/wp-content\/uploads\/2015\/12\/RastreaIcon-56x50.png 56w\" sizes=\"(max-width: 141px) 100vw, 141px\" \/>\n\t\t<\/div> \n\t<\/div> \n\t\t<\/div> \n\t<\/div> \n\n\t<div class=\"vc_col-sm-9 wpb_column vc_column_container\">\n\t\t<div class=\"wpb_wrapper\">\n\t\t\t\n\t<div class=\"wpb_text_column wpb_content_element \">\n\t\t<div class=\"wpb_wrapper\">\n\t\t\t<h1 class=\"alternative\">Rastreabilidade <\/h1>\n<p class=\"p1\"><span class=\"s1\">Todos os produtos fornecidos e seus materiais s\u00e3o codificados e registrados, permitindo a total rastreabilidade de 100% dos lotes fornecidos.<\/span><\/p>\n\n\t\t<\/div> \n\t<\/div> \n\t\t<\/div> \n\t<\/div> \n<\/div><\/div><\/div><div class=\"vc_row wpb_row vc_row-fluid   vc_custom_1450441018056\" ><div class=\"container\"><div class=\"row\">\n\t<div class=\"vc_col-sm-3 wpb_column vc_column_container\">\n\t\t<div class=\"wpb_wrapper\">\n\t\t\t\n\t<div class=\"wpb_single_image wpb_content_element vc_custom_1450441092880 wpb_animate_when_almost_visible wpb_appear vc_align_center\">\n\t\t<div class=\"wpb_wrapper\">\n\t\t\t\n\t\t\t<img width=\"141\" height=\"125\" src=\"http:\/\/sterifarma.com.br\/wsite\/wp-content\/uploads\/2015\/12\/EconomiaIcon.png\" class=\" vc_box_border_grey attachment-full\" alt=\"\" loading=\"lazy\" srcset=\"http:\/\/sterifarma.com.br\/wsite\/wp-content\/uploads\/2015\/12\/EconomiaIcon.png 141w, http:\/\/sterifarma.com.br\/wsite\/wp-content\/uploads\/2015\/12\/EconomiaIcon-56x50.png 56w\" sizes=\"(max-width: 141px) 100vw, 141px\" \/>\n\t\t<\/div> \n\t<\/div> \n\t\t<\/div> \n\t<\/div> \n\n\t<div class=\"vc_col-sm-9 wpb_column vc_column_container\">\n\t\t<div class=\"wpb_wrapper\">\n\t\t\t\n\t<div class=\"wpb_text_column wpb_content_element \">\n\t\t<div class=\"wpb_wrapper\">\n\t\t\t<h1 class=\"alternative\">Reembolso - Simpro <\/h1>\n<p class=\"p1\"><span class=\"s1\">Os produtos Sterifarma, mesmo sendo totalmente personalizados para cada Hospital, s\u00e3o cadastrados no sistema SIMPRO de publica\u00e7\u00e3o de pre\u00e7os com nomenclatura pr\u00f3pria, permitindo o seu reembolso integral pelos conv\u00eanios e seguros sa\u00fade.<\/span><\/p>\n\n\t\t<\/div> \n\t<\/div> \n\t\t<\/div> \n\t<\/div> \n<\/div><\/div><\/div><\/p><\/div><\/div><\/div><\/div><\/div><\/div><\/div><\/div><div class=\"vce-row-container\" data-vce-boxed-width=\"true\"><div class=\"vce-row vce-element--has-background vce-row--col-gap-30 vce-row-equal-height vce-row-content--middle\" id=\"el-a1e091e1\" data-vce-do-apply=\"all el-a1e091e1\"><div class=\"vce-content-background-container\"><\/div><div class=\"vce-row-content\" data-vce-element-content=\"true\"><div class=\"vce-col vce-col--md-25p vce-col--xs-1 vce-col--xs-last vce-col--xs-first vce-col--sm-last vce-col--sm-first vce-col--md-first vce-col--lg-first vce-col--xl-first\" id=\"el-43ef134a\"><div class=\"vce-col-inner\" data-vce-do-apply=\"border margin background  el-43ef134a\"><div class=\"vce-col-content\" data-vce-element-content=\"true\" data-vce-do-apply=\"padding el-43ef134a\"><div class=\"vce-single-image-container vce-single-image--align-center\"><div class=\"vce vce-single-image-wrapper\" id=\"el-0c206b62\" data-vce-do-apply=\"all el-0c206b62\"><figure><div class=\"vce-single-image-figure-inner\" style=\"width: 141px;\"><div class=\"vce-single-image-inner vce-single-image--absolute\" style=\"width: 100%; padding-bottom: 98.5816%;\"><img loading=\"lazy\" class=\"vce-single-image\"  width=\"141\" height=\"139\" srcset=\"http:\/\/sterifarma.com.br\/wsite\/wp-content\/uploads\/2022\/09\/ESG-141x139.png 141w\" src=\"http:\/\/sterifarma.com.br\/wsite\/wp-content\/uploads\/2022\/09\/ESG-141x139.png\" data-img-src=\"http:\/\/sterifarma.com.br\/wsite\/wp-content\/uploads\/2022\/09\/ESG.png\" data-attachment-id=\"5120\"  alt=\"\" title=\"ESG\" \/><\/div><\/div><figcaption hidden=\"\"><\/figcaption><\/figure><\/div><\/div><\/div><\/div><\/div><div class=\"vce-col vce-col--md-auto vce-col--xs-1 vce-col--xs-last vce-col--xs-first vce-col--sm-last vce-col--sm-first vce-col--md-last vce-col--lg-last vce-col--xl-last\" id=\"el-3a90a8d4\"><div class=\"vce-col-inner\" data-vce-do-apply=\"border margin background  el-3a90a8d4\"><div class=\"vce-col-content\" data-vce-element-content=\"true\" data-vce-do-apply=\"padding el-3a90a8d4\"><div class=\"vce-text-block\"><div class=\"vce-text-block-wrapper vce\" id=\"el-3a1a2cd8\" data-vce-do-apply=\"all el-3a1a2cd8\"><h1 class=\"alternative\">Cultura ESG<\/h1><br><p class=\"p1\"><span class=\"s1\">A Sterifarma mant\u00e9m os mais elevados padr\u00f5es poss\u00edveis de atendimento \u00e0s quest\u00f5es sociais, ambientais e de governan\u00e7a corporativa que impactam diretamente a vida dos que trabalham para a empresa e o seu entorno, vivendo o dia-a-dia atrav\u00e9s no nosso C\u00f3digo de \u00c9tica, obedecendo e cobrando o cumprimento das normas e legisla\u00e7\u00e3o em vigor.<\/span><\/p><\/div><\/div><\/div><\/div><\/div><\/div><\/div><\/div><div class=\"vce-row-container\" data-vce-boxed-width=\"true\"><div class=\"vce-row vce-row--col-gap-30 vce-row-equal-height vce-row-content--top\" id=\"el-b581939c\" data-vce-do-apply=\"all el-b581939c\"><div class=\"vce-content-background-container\"><\/div><div class=\"vce-row-content\" data-vce-element-content=\"true\"><div class=\"vce-col vce-col--md-auto vce-col--xs-1 vce-col--xs-last vce-col--xs-first vce-col--sm-last vce-col--sm-first vce-col--md-last vce-col--lg-last vce-col--xl-last vce-col--md-first vce-col--lg-first vce-col--xl-first\" id=\"el-2101a3b2\"><div class=\"vce-col-inner\" data-vce-do-apply=\"border margin background  el-2101a3b2\"><div class=\"vce-col-content\" data-vce-element-content=\"true\" data-vce-do-apply=\"padding el-2101a3b2\"><div class=\"vce-shortcode\"><div class=\"vce-shortcode-wrapper vce\" id=\"el-2e5f1d71\" data-vce-do-apply=\"all el-2e5f1d71\"><div class=\"vc_row wpb_row vc_row-fluid   vc_custom_1450908393674\" ><div class=\"container\"><div class=\"row\">\n\t<div class=\"vc_col-sm-12 wpb_column vc_column_container\">\n\t\t<div class=\"wpb_wrapper\">\n\t\t\t<div class=\"vc_empty_space\"  style=\"height: 32px\" ><span class=\"vc_empty_space_inner\"><\/span><\/div>\n\n\n\t\t<\/div> \n\t<\/div> \n<\/div><\/div><\/div><\/div><\/div><\/div><\/div><\/div><\/div><\/div><\/div>","protected":false},"excerpt":{"rendered":"<p>A Sterifarma mant\u00e9m os mais elevados padr\u00f5es poss\u00edveis de atendimento \u00e0s quest\u00f5es sociais, ambientais e de governan\u00e7a corporativa que impactam diretamente a vida dos que trabalham para a empresa e&#8230;<\/p>\n","protected":false},"author":1,"featured_media":0,"parent":0,"menu_order":0,"comment_status":"closed","ping_status":"closed","template":"template-minimal-page.php","meta":[],"yoast_head":"<!-- This site is optimized with the Yoast SEO plugin v19.3 - https:\/\/yoast.com\/wordpress\/plugins\/seo\/ -->\n<title>Como Funciona - Sterifarma-material-esterilizado<\/title>\n<meta name=\"robots\" content=\"index, follow, max-snippet:-1, max-image-preview:large, max-video-preview:-1\" \/>\n<link rel=\"canonical\" href=\"http:\/\/sterifarma.com.br\/wsite\/como-funciona\/\" \/>\n<meta property=\"og:locale\" content=\"pt_BR\" \/>\n<meta property=\"og:type\" content=\"article\" \/>\n<meta property=\"og:title\" content=\"Como Funciona - Sterifarma-material-esterilizado\" \/>\n<meta property=\"og:description\" content=\"A Sterifarma mant\u00e9m os mais elevados padr\u00f5es poss\u00edveis de atendimento \u00e0s quest\u00f5es sociais, ambientais e de governan\u00e7a corporativa que impactam diretamente a vida dos que trabalham para a empresa e...\" \/>\n<meta property=\"og:url\" content=\"http:\/\/sterifarma.com.br\/wsite\/como-funciona\/\" \/>\n<meta property=\"og:site_name\" content=\"Sterifarma-material-esterilizado\" \/>\n<meta property=\"article:modified_time\" content=\"2022-09-26T18:49:13+00:00\" \/>\n<meta name=\"twitter:card\" content=\"summary\" \/>\n<meta name=\"twitter:label1\" content=\"Est. tempo de leitura\" \/>\n\t<meta name=\"twitter:data1\" content=\"3 minutos\" \/>\n<script type=\"application\/ld+json\" class=\"yoast-schema-graph\">{\"@context\":\"https:\/\/schema.org\",\"@graph\":[{\"@type\":\"Organization\",\"@id\":\"https:\/\/sterifarma.com.br\/wsite\/#organization\",\"name\":\"Sterifarma\",\"url\":\"https:\/\/sterifarma.com.br\/wsite\/\",\"sameAs\":[],\"logo\":{\"@type\":\"ImageObject\",\"inLanguage\":\"pt-BR\",\"@id\":\"https:\/\/sterifarma.com.br\/wsite\/#\/schema\/logo\/image\/\",\"url\":\"http:\/\/sterifarma.com.br\/wsite\/wp-content\/uploads\/2015\/12\/SteriLogo_JPEG_mais_Assinatura.png\",\"contentUrl\":\"http:\/\/sterifarma.com.br\/wsite\/wp-content\/uploads\/2015\/12\/SteriLogo_JPEG_mais_Assinatura.png\",\"width\":300,\"height\":210,\"caption\":\"Sterifarma\"},\"image\":{\"@id\":\"https:\/\/sterifarma.com.br\/wsite\/#\/schema\/logo\/image\/\"}},{\"@type\":\"WebSite\",\"@id\":\"https:\/\/sterifarma.com.br\/wsite\/#website\",\"url\":\"https:\/\/sterifarma.com.br\/wsite\/\",\"name\":\"Sterifarma-material-esterilizado\",\"description\":\"Material-Esterilizado\",\"publisher\":{\"@id\":\"https:\/\/sterifarma.com.br\/wsite\/#organization\"},\"potentialAction\":[{\"@type\":\"SearchAction\",\"target\":{\"@type\":\"EntryPoint\",\"urlTemplate\":\"https:\/\/sterifarma.com.br\/wsite\/?s={search_term_string}\"},\"query-input\":\"required name=search_term_string\"}],\"inLanguage\":\"pt-BR\"},{\"@type\":\"WebPage\",\"@id\":\"http:\/\/sterifarma.com.br\/wsite\/como-funciona\/\",\"url\":\"http:\/\/sterifarma.com.br\/wsite\/como-funciona\/\",\"name\":\"Como Funciona - Sterifarma-material-esterilizado\",\"isPartOf\":{\"@id\":\"https:\/\/sterifarma.com.br\/wsite\/#website\"},\"datePublished\":\"2015-12-18T11:45:45+00:00\",\"dateModified\":\"2022-09-26T18:49:13+00:00\",\"breadcrumb\":{\"@id\":\"http:\/\/sterifarma.com.br\/wsite\/como-funciona\/#breadcrumb\"},\"inLanguage\":\"pt-BR\",\"potentialAction\":[{\"@type\":\"ReadAction\",\"target\":[\"http:\/\/sterifarma.com.br\/wsite\/como-funciona\/\"]}]},{\"@type\":\"BreadcrumbList\",\"@id\":\"http:\/\/sterifarma.com.br\/wsite\/como-funciona\/#breadcrumb\",\"itemListElement\":[{\"@type\":\"ListItem\",\"position\":1,\"name\":\"In\u00edcio\",\"item\":\"https:\/\/sterifarma.com.br\/wsite\/\"},{\"@type\":\"ListItem\",\"position\":2,\"name\":\"Como Funciona\"}]}]}<\/script>\n<!-- \/ Yoast SEO plugin. -->","yoast_head_json":{"title":"Como Funciona - Sterifarma-material-esterilizado","robots":{"index":"index","follow":"follow","max-snippet":"max-snippet:-1","max-image-preview":"max-image-preview:large","max-video-preview":"max-video-preview:-1"},"canonical":"http:\/\/sterifarma.com.br\/wsite\/como-funciona\/","og_locale":"pt_BR","og_type":"article","og_title":"Como Funciona - Sterifarma-material-esterilizado","og_description":"A Sterifarma mant\u00e9m os mais elevados padr\u00f5es poss\u00edveis de atendimento \u00e0s quest\u00f5es sociais, ambientais e de governan\u00e7a corporativa que impactam diretamente a vida dos que trabalham para a empresa e...","og_url":"http:\/\/sterifarma.com.br\/wsite\/como-funciona\/","og_site_name":"Sterifarma-material-esterilizado","article_modified_time":"2022-09-26T18:49:13+00:00","twitter_card":"summary","twitter_misc":{"Est. tempo de leitura":"3 minutos"},"schema":{"@context":"https:\/\/schema.org","@graph":[{"@type":"Organization","@id":"https:\/\/sterifarma.com.br\/wsite\/#organization","name":"Sterifarma","url":"https:\/\/sterifarma.com.br\/wsite\/","sameAs":[],"logo":{"@type":"ImageObject","inLanguage":"pt-BR","@id":"https:\/\/sterifarma.com.br\/wsite\/#\/schema\/logo\/image\/","url":"http:\/\/sterifarma.com.br\/wsite\/wp-content\/uploads\/2015\/12\/SteriLogo_JPEG_mais_Assinatura.png","contentUrl":"http:\/\/sterifarma.com.br\/wsite\/wp-content\/uploads\/2015\/12\/SteriLogo_JPEG_mais_Assinatura.png","width":300,"height":210,"caption":"Sterifarma"},"image":{"@id":"https:\/\/sterifarma.com.br\/wsite\/#\/schema\/logo\/image\/"}},{"@type":"WebSite","@id":"https:\/\/sterifarma.com.br\/wsite\/#website","url":"https:\/\/sterifarma.com.br\/wsite\/","name":"Sterifarma-material-esterilizado","description":"Material-Esterilizado","publisher":{"@id":"https:\/\/sterifarma.com.br\/wsite\/#organization"},"potentialAction":[{"@type":"SearchAction","target":{"@type":"EntryPoint","urlTemplate":"https:\/\/sterifarma.com.br\/wsite\/?s={search_term_string}"},"query-input":"required name=search_term_string"}],"inLanguage":"pt-BR"},{"@type":"WebPage","@id":"http:\/\/sterifarma.com.br\/wsite\/como-funciona\/","url":"http:\/\/sterifarma.com.br\/wsite\/como-funciona\/","name":"Como Funciona - Sterifarma-material-esterilizado","isPartOf":{"@id":"https:\/\/sterifarma.com.br\/wsite\/#website"},"datePublished":"2015-12-18T11:45:45+00:00","dateModified":"2022-09-26T18:49:13+00:00","breadcrumb":{"@id":"http:\/\/sterifarma.com.br\/wsite\/como-funciona\/#breadcrumb"},"inLanguage":"pt-BR","potentialAction":[{"@type":"ReadAction","target":["http:\/\/sterifarma.com.br\/wsite\/como-funciona\/"]}]},{"@type":"BreadcrumbList","@id":"http:\/\/sterifarma.com.br\/wsite\/como-funciona\/#breadcrumb","itemListElement":[{"@type":"ListItem","position":1,"name":"In\u00edcio","item":"https:\/\/sterifarma.com.br\/wsite\/"},{"@type":"ListItem","position":2,"name":"Como Funciona"}]}]}},"_links":{"self":[{"href":"http:\/\/sterifarma.com.br\/wsite\/wp-json\/wp\/v2\/pages\/40"}],"collection":[{"href":"http:\/\/sterifarma.com.br\/wsite\/wp-json\/wp\/v2\/pages"}],"about":[{"href":"http:\/\/sterifarma.com.br\/wsite\/wp-json\/wp\/v2\/types\/page"}],"author":[{"embeddable":true,"href":"http:\/\/sterifarma.com.br\/wsite\/wp-json\/wp\/v2\/users\/1"}],"replies":[{"embeddable":true,"href":"http:\/\/sterifarma.com.br\/wsite\/wp-json\/wp\/v2\/comments?post=40"}],"version-history":[{"count":44,"href":"http:\/\/sterifarma.com.br\/wsite\/wp-json\/wp\/v2\/pages\/40\/revisions"}],"predecessor-version":[{"id":5124,"href":"http:\/\/sterifarma.com.br\/wsite\/wp-json\/wp\/v2\/pages\/40\/revisions\/5124"}],"wp:attachment":[{"href":"http:\/\/sterifarma.com.br\/wsite\/wp-json\/wp\/v2\/media?parent=40"}],"curies":[{"name":"wp","href":"https:\/\/api.w.org\/{rel}","templated":true}]}}